{"id":18213,"date":"2022-04-25T11:23:30","date_gmt":"2022-04-25T09:23:30","guid":{"rendered":"http:\/\/www.tscharnighof.at\/?page_id=18213"},"modified":"2023-06-13T10:00:57","modified_gmt":"2023-06-13T08:00:57","slug":"gut-zu-wissen","status":"publish","type":"page","link":"https:\/\/tscharnighof.at\/en\/gut-zu-wissen\/","title":{"rendered":"Good to know"},"content":{"rendered":"<p>[et_pb_section fb_built=&#8220;1&#8243; _builder_version=&#8220;4.17.3&#8243; _module_preset=&#8220;default&#8220; global_colors_info=&#8220;{}&#8220;][et_pb_row _builder_version=&#8220;4.16.1&#8243; _module_preset=&#8220;default&#8220; global_colors_info=&#8220;{}&#8220;][et_pb_column type=&#8220;4_4&#8243; _builder_version=&#8220;4.16.1&#8243; _module_preset=&#8220;default&#8220; global_colors_info=&#8220;{}&#8220;][et_pb_text _builder_version=&#8220;4.17.3&#8243; _module_preset=&#8220;default&#8220; header_2_font=&#8220;Bad Script|700||on|||||&#8220; header_2_text_align=&#8220;center&#8220; header_2_text_color=&#8220;#E02B20&#8243; header_2_font_size=&#8220;35px&#8220; header_2_letter_spacing=&#8220;2px&#8220; header_2_line_height=&#8220;1.5em&#8220; header_2_font_size_tablet=&#8220;30px&#8220; header_2_font_size_phone=&#8220;25px&#8220; header_2_font_size_last_edited=&#8220;on|phone&#8220; global_colors_info=&#8220;{}&#8220;]<\/p>\n<h2>Information about your stay with us:<\/h2>\n<p>[\/et_pb_text][\/et_pb_column][\/et_pb_row][et_pb_row _builder_version=&#8220;4.17.3&#8243; _module_preset=&#8220;default&#8220; global_colors_info=&#8220;{}&#8220;][et_pb_column type=&#8220;4_4&#8243; _builder_version=&#8220;4.16.1&#8243; _module_preset=&#8220;default&#8220; global_colors_info=&#8220;{}&#8220;][et_pb_accordion _builder_version=&#8220;4.17.3&#8243; _module_preset=&#8220;default&#8220; toggle_text_color=&#8220;#E02B20&#8243; toggle_font=&#8220;|700|||||||&#8220; toggle_font_size=&#8220;18px&#8220; global_colors_info=&#8220;{}&#8220;][et_pb_accordion_item title=&#8220;Check in\/out&#8220; _builder_version=&#8220;4.17.3&#8243; _module_preset=&#8220;default&#8220; global_colors_info=&#8220;{}&#8220; open=&#8220;off&#8220;]<\/p>\n<p><strong>Check in: 2:00 p.m. | Check out: 10.00 a.m.<\/strong><\/p>\n<p>The apartments are on the day of arrival <strong>at 2 p.m.<\/strong> ready for you. We look forward to you! On the day of departure we ask you <strong>until 10.00 a.m.<\/strong> put the luggage in front of the door.<\/p>\n<p>Thank you!<\/p>\n<p>[\/et_pb_accordion_item][et_pb_accordion_item title=&#8220;Covid-Info&#8220; _builder_version=&#8220;4.17.3&#8243; _module_preset=&#8220;default&#8220; global_colors_info=&#8220;{}&#8220; open=&#8220;off&#8220;]<\/p>\n<p>The safety of our guests is important to us!<\/p>\n<p>Current information on Covid-19 and recommendations on how to protect yourself and others can be found here:<\/p>\n<p><a href=\"https:\/\/www.kaernten.at\/aktuelle-informationen\/\">https:\/\/www.kaernten.at\/aktuelle-informationen\/<\/a><\/p>\n<p>[\/et_pb_accordion_item][et_pb_accordion_item title=&#8220;Reiser\u00fccktritt&#8220; open=&#8220;off&#8220; _builder_version=&#8220;4.17.3&#8243; _module_preset=&#8220;default&#8220; global_colors_info=&#8220;{}&#8220;]<\/p>\n<p><strong>General terms and conditions for the hotel industry<\/strong><\/p>\n<p>That means for you:<\/p>\n<ul>\n<li>You can cancel free of charge up to 3 months before arrival<\/li>\n<li>from 3 months to 1 month before arrival we charge 40% of the travel price.<\/li>\n<li>From 1 month to 1 week before arrival, the cancellation fee is 70% of the travel price<\/li>\n<li>If you cancel within the last week before arrival, we will charge 90% of the travel price.<\/li>\n<\/ul>\n<p>You can find more information at <a href=\"https:\/\/www.hotelverband.at\/down\/agbh_061115.pdf\"><strong>hotel association<\/strong><\/a>.<\/p>\n<p><strong><br \/>cancellation insurance<\/strong><\/p>\n<p>In order to save costs, we recommend that you insure yourself. Click on the page of <a href=\"https:\/\/www.europaeische.at\/\" target=\"_blank\" rel=\"noopener\">European travel insurance<\/a> and take out holiday insurance yourself.<\/p>\n<p>Book your own personal guardian angel (5% of the travel price).<\/p>\n<p>[\/et_pb_accordion_item][et_pb_accordion_item title=&#8220;Nichtraucherhaus&#8220; _builder_version=&#8220;4.17.3&#8243; _module_preset=&#8220;default&#8220; global_colors_info=&#8220;{}&#8220; open=&#8220;off&#8220;]<\/p>\n<p>This is throughout the house and near the stables <strong>Smoking not allowed<\/strong>.<\/p>\n<p>[\/et_pb_accordion_item][et_pb_accordion_item title=&#8220;Haustiere&#8220; _builder_version=&#8220;4.17.3&#8243; _module_preset=&#8220;default&#8220; global_colors_info=&#8220;{}&#8220; open=&#8220;off&#8220;]<\/p>\n<p><span>Of course you can also bring your four-legged family members with you after consultation.<\/span><\/p>\n<p><strong>DOG RULES OF BEHAVIOR<\/strong>:<br \/>We kindly ask you not to take your four-legged friends to bed with you - the next guest will thank you. Please always take a Gacki bag with you and put your dog on a leash in the yard out of consideration for the children on the yard and guests with other dogs.<br \/>Owners are responsible for their dogs!<\/p>\n<p><span>Thank you for your understanding and mutual tolerance!<\/span><\/p>\n<p>[\/et_pb_accordion_item][et_pb_accordion_item title=&#8220;Zahlungsbedingungen&#8220; _builder_version=&#8220;4.17.3&#8243; _module_preset=&#8220;default&#8220; hover_enabled=&#8220;0&#8243; global_colors_info=&#8220;{}&#8220; open=&#8220;on&#8220; sticky_enabled=&#8220;0&#8243;]<\/p>\n<p><span>When booking, a deposit of 30% must be transferred to the account at the K\u00e4rntner Sparkasse.<\/span><\/p>\n<p>Monika K\u00fcnstl:<br \/>IBAN: AT87 2070 6046 0044 7603<br \/>BIC: KSPKAT2KXXX, BLZ: 20706<\/p>\n<p><span>Wir bitten Sie den Restbetrag einen Tag vor Abreise zu \u00fcberweisen.\u00a0<\/span><\/p>\n<p>[\/et_pb_accordion_item][et_pb_accordion_item title=&#8220;Zahlungsbedingungen&#8220; _builder_version=&#8220;4.17.3&#8243; _module_preset=&#8220;default&#8220; global_colors_info=&#8220;{}&#8220; open=&#8220;on&#8220;]<\/p>\n<p><span>When booking, a deposit of 30% must be transferred to the account at the K\u00e4rntner Sparkasse.<\/span><\/p>\n<p>Monika K\u00fcnstl:<br \/>IBAN: AT87 2070 6046 0044 7603<br \/>BIC: KSPKAT2KXXX, BLZ: 20706<\/p>\n<p><span>The balance is to be paid in cash before departure.<\/span><\/p>\n<p>[\/et_pb_accordion_item][et_pb_accordion_item title=&#8220;Sonstiges&#8220; _builder_version=&#8220;4.17.3&#8243; _module_preset=&#8220;default&#8220; global_colors_info=&#8220;{}&#8220; open=&#8220;off&#8220;]<\/p>\n<p>All prices in Euro. Changes and errors excepted.<\/p>\n<p>[\/et_pb_accordion_item][\/et_pb_accordion][\/et_pb_column][\/et_pb_row][\/et_pb_section]<\/p>","protected":false},"excerpt":{"rendered":"<p>Informationen zu eurem Aufenthalt bei uns:Check in: 14.00 Uhr | Check out: 10.00 Uhr Die Wohnungen sind am Anreisetag ab 14.00 Uhr f\u00fcr euch fertig. Wir freuen uns auf euch! Am Abreisetag bitten wir euch bis 10.00 Uhr das Gep\u00e4ck vor die T\u00fcr zu stellen. Vielen Dank!Die Sicherheit unserer G\u00e4ste ist uns wichtig! Aktuelle Informationen [&hellip;]<\/p>","protected":false},"author":1,"featured_media":0,"parent":0,"menu_order":0,"comment_status":"closed","ping_status":"closed","template":"","meta":{"_et_pb_use_builder":"on","_et_pb_old_content":"","_et_gb_content_width":"","footnotes":""},"class_list":["post-18213","page","type-page","status-publish","hentry"],"yoast_head":"<!-- This site is optimized with the Yoast SEO plugin v24.6 - https:\/\/yoast.com\/wordpress\/plugins\/seo\/ -->\n<title>Gut zu wissen - TSCHARNIGHOF - a richtig sch\u00f6n&#039;s Platzl<\/title>\n<meta name=\"robots\" content=\"index, follow, max-snippet:-1, max-image-preview:large, max-video-preview:-1\" \/>\n<link rel=\"canonical\" href=\"https:\/\/tscharnighof.at\/en\/gut-zu-wissen\/\" \/>\n<meta property=\"og:locale\" content=\"en_GB\" \/>\n<meta property=\"og:type\" content=\"article\" \/>\n<meta property=\"og:title\" content=\"Gut zu wissen - TSCHARNIGHOF - a richtig sch\u00f6n&#039;s Platzl\" \/>\n<meta property=\"og:description\" content=\"Informationen zu eurem Aufenthalt bei uns:Check in: 14.00 Uhr | Check out: 10.00 Uhr Die Wohnungen sind am Anreisetag ab 14.00 Uhr f\u00fcr euch fertig. Wir freuen uns auf euch! Am Abreisetag bitten wir euch bis 10.00 Uhr das Gep\u00e4ck vor die T\u00fcr zu stellen. Vielen Dank!Die Sicherheit unserer G\u00e4ste ist uns wichtig! Aktuelle Informationen [&hellip;]\" \/>\n<meta property=\"og:url\" content=\"https:\/\/tscharnighof.at\/en\/gut-zu-wissen\/\" \/>\n<meta property=\"og:site_name\" content=\"TSCHARNIGHOF - a richtig sch\u00f6n&#039;s Platzl\" \/>\n<meta property=\"article:modified_time\" content=\"2023-06-13T08:00:57+00:00\" \/>\n<meta property=\"og:image\" content=\"https:\/\/tscharnighof.at\/wp-content\/uploads\/2022\/04\/foto_a_bisserl_schnee_090109093406-2.jpg\" \/>\n\t<meta property=\"og:image:width\" content=\"500\" \/>\n\t<meta property=\"og:image:height\" content=\"318\" \/>\n\t<meta property=\"og:image:type\" content=\"image\/jpeg\" \/>\n<meta name=\"twitter:card\" content=\"summary_large_image\" \/>\n<meta name=\"twitter:label1\" content=\"Estimated reading time\" \/>\n\t<meta name=\"twitter:data1\" content=\"3 minutes\" \/>\n<script type=\"application\/ld+json\" class=\"yoast-schema-graph\">{\"@context\":\"https:\/\/schema.org\",\"@graph\":[{\"@type\":\"WebPage\",\"@id\":\"https:\/\/tscharnighof.at\/gut-zu-wissen\/\",\"url\":\"https:\/\/tscharnighof.at\/gut-zu-wissen\/\",\"name\":\"Gut zu wissen - TSCHARNIGHOF - a richtig sch\u00f6n&#039;s Platzl\",\"isPartOf\":{\"@id\":\"https:\/\/tscharnighof.at\/#website\"},\"datePublished\":\"2022-04-25T09:23:30+00:00\",\"dateModified\":\"2023-06-13T08:00:57+00:00\",\"breadcrumb\":{\"@id\":\"https:\/\/tscharnighof.at\/gut-zu-wissen\/#breadcrumb\"},\"inLanguage\":\"en-GB\",\"potentialAction\":[{\"@type\":\"ReadAction\",\"target\":[\"https:\/\/tscharnighof.at\/gut-zu-wissen\/\"]}]},{\"@type\":\"BreadcrumbList\",\"@id\":\"https:\/\/tscharnighof.at\/gut-zu-wissen\/#breadcrumb\",\"itemListElement\":[{\"@type\":\"ListItem\",\"position\":1,\"name\":\"Startseite\",\"item\":\"https:\/\/tscharnighof.at\/\"},{\"@type\":\"ListItem\",\"position\":2,\"name\":\"Gut zu wissen\"}]},{\"@type\":\"WebSite\",\"@id\":\"https:\/\/tscharnighof.at\/#website\",\"url\":\"https:\/\/tscharnighof.at\/\",\"name\":\"TSCHARNIGHOF - a richtig sch\u00f6n&#039;s Platzl\",\"description\":\"\",\"potentialAction\":[{\"@type\":\"SearchAction\",\"target\":{\"@type\":\"EntryPoint\",\"urlTemplate\":\"https:\/\/tscharnighof.at\/?s={search_term_string}\"},\"query-input\":{\"@type\":\"PropertyValueSpecification\",\"valueRequired\":true,\"valueName\":\"search_term_string\"}}],\"inLanguage\":\"en-GB\"}]}<\/script>\n<!-- \/ Yoast SEO plugin. -->","yoast_head_json":{"title":"Gut zu wissen - TSCHARNIGHOF - a richtig sch\u00f6n&#039;s Platzl","robots":{"index":"index","follow":"follow","max-snippet":"max-snippet:-1","max-image-preview":"max-image-preview:large","max-video-preview":"max-video-preview:-1"},"canonical":"https:\/\/tscharnighof.at\/en\/gut-zu-wissen\/","og_locale":"en_GB","og_type":"article","og_title":"Gut zu wissen - TSCHARNIGHOF - a richtig sch\u00f6n&#039;s Platzl","og_description":"Informationen zu eurem Aufenthalt bei uns:Check in: 14.00 Uhr | Check out: 10.00 Uhr Die Wohnungen sind am Anreisetag ab 14.00 Uhr f\u00fcr euch fertig. Wir freuen uns auf euch! Am Abreisetag bitten wir euch bis 10.00 Uhr das Gep\u00e4ck vor die T\u00fcr zu stellen. Vielen Dank!Die Sicherheit unserer G\u00e4ste ist uns wichtig! Aktuelle Informationen [&hellip;]","og_url":"https:\/\/tscharnighof.at\/en\/gut-zu-wissen\/","og_site_name":"TSCHARNIGHOF - a richtig sch\u00f6n&#039;s Platzl","article_modified_time":"2023-06-13T08:00:57+00:00","og_image":[{"width":500,"height":318,"url":"https:\/\/tscharnighof.at\/wp-content\/uploads\/2022\/04\/foto_a_bisserl_schnee_090109093406-2.jpg","type":"image\/jpeg"}],"twitter_card":"summary_large_image","twitter_misc":{"Estimated reading time":"3 minutes"},"schema":{"@context":"https:\/\/schema.org","@graph":[{"@type":"WebPage","@id":"https:\/\/tscharnighof.at\/gut-zu-wissen\/","url":"https:\/\/tscharnighof.at\/gut-zu-wissen\/","name":"Gut zu wissen - TSCHARNIGHOF - a richtig sch\u00f6n&#039;s Platzl","isPartOf":{"@id":"https:\/\/tscharnighof.at\/#website"},"datePublished":"2022-04-25T09:23:30+00:00","dateModified":"2023-06-13T08:00:57+00:00","breadcrumb":{"@id":"https:\/\/tscharnighof.at\/gut-zu-wissen\/#breadcrumb"},"inLanguage":"en-GB","potentialAction":[{"@type":"ReadAction","target":["https:\/\/tscharnighof.at\/gut-zu-wissen\/"]}]},{"@type":"BreadcrumbList","@id":"https:\/\/tscharnighof.at\/gut-zu-wissen\/#breadcrumb","itemListElement":[{"@type":"ListItem","position":1,"name":"Startseite","item":"https:\/\/tscharnighof.at\/"},{"@type":"ListItem","position":2,"name":"Gut zu wissen"}]},{"@type":"WebSite","@id":"https:\/\/tscharnighof.at\/#website","url":"https:\/\/tscharnighof.at\/","name":"TSCHARNIGHOF - a richtig sch\u00f6n&#039;s Platzl","description":"","potentialAction":[{"@type":"SearchAction","target":{"@type":"EntryPoint","urlTemplate":"https:\/\/tscharnighof.at\/?s={search_term_string}"},"query-input":{"@type":"PropertyValueSpecification","valueRequired":true,"valueName":"search_term_string"}}],"inLanguage":"en-GB"}]}},"_links":{"self":[{"href":"https:\/\/tscharnighof.at\/en\/wp-json\/wp\/v2\/pages\/18213","targetHints":{"allow":["GET"]}}],"collection":[{"href":"https:\/\/tscharnighof.at\/en\/wp-json\/wp\/v2\/pages"}],"about":[{"href":"https:\/\/tscharnighof.at\/en\/wp-json\/wp\/v2\/types\/page"}],"author":[{"embeddable":true,"href":"https:\/\/tscharnighof.at\/en\/wp-json\/wp\/v2\/users\/1"}],"replies":[{"embeddable":true,"href":"https:\/\/tscharnighof.at\/en\/wp-json\/wp\/v2\/comments?post=18213"}],"version-history":[{"count":20,"href":"https:\/\/tscharnighof.at\/en\/wp-json\/wp\/v2\/pages\/18213\/revisions"}],"predecessor-version":[{"id":19087,"href":"https:\/\/tscharnighof.at\/en\/wp-json\/wp\/v2\/pages\/18213\/revisions\/19087"}],"wp:attachment":[{"href":"https:\/\/tscharnighof.at\/en\/wp-json\/wp\/v2\/media?parent=18213"}],"curies":[{"name":"wp","href":"https:\/\/api.w.org\/{rel}","templated":true}]}}