{"id":18316,"date":"2022-04-26T13:47:31","date_gmt":"2022-04-26T11:47:31","guid":{"rendered":"http:\/\/www.tscharnighof.at\/?page_id=18316"},"modified":"2024-06-25T21:45:34","modified_gmt":"2024-06-25T19:45:34","slug":"bildergallerie","status":"publish","type":"page","link":"https:\/\/tscharnighof.at\/en\/bildergallerie\/","title":{"rendered":"Bildergallerie"},"content":{"rendered":"<p>[et_pb_section fb_built=&#8220;1&#8243; _builder_version=&#8220;4.17.3&#8243; _module_preset=&#8220;default&#8220; global_colors_info=&#8220;{}&#8220;][et_pb_row _builder_version=&#8220;4.16.1&#8243; _module_preset=&#8220;default&#8220; global_colors_info=&#8220;{}&#8220;][et_pb_column type=&#8220;4_4&#8243; _builder_version=&#8220;4.16.1&#8243; _module_preset=&#8220;default&#8220; global_colors_info=&#8220;{}&#8220;][et_pb_text _builder_version=&#8220;4.17.3&#8243; _module_preset=&#8220;default&#8220; header_2_font=&#8220;Bad Script|700||on|||||&#8220; header_2_text_color=&#8220;#E02B20&#8243; header_2_font_size=&#8220;35px&#8220; header_2_letter_spacing=&#8220;2px&#8220; header_2_line_height=&#8220;1.7em&#8220; global_colors_info=&#8220;{}&#8220;]<\/p>\n<h2 style=\"text-align: center;\"><strong>Farm Impressions<\/strong><\/h2>\n<p>[\/et_pb_text][et_pb_text _builder_version=&#8220;4.16.1&#8243; _module_preset=&#8220;default&#8220; text_line_height=&#8220;1.8em&#8220; text_orientation=&#8220;center&#8220; global_colors_info=&#8220;{}&#8220;]<\/p>\n<p>Pictures say more than 1000 words. Let us inspire you for your next holiday.<\/p>\n<p>[\/et_pb_text][et_pb_gallery gallery_ids=&#8220;18641,18637,18465,18424,18883,19148,19160,130,133,19152,19165,19166,19163,18467,18415,19161,19153,134,18354,18518,19147,19156,19157,18248,19162,18464,19167&#8243; posts_number=&#8220;50&#8243; db_images_per_row=&#8220;4&#8243; db_image_max_width=&#8220;80%&#8220; db_image_max_height=&#8220;80%&#8220; db_image_row_spacing=&#8220;2%&#8220; dbdb_version=&#8220;3.8.5&#8243; show_title_and_caption=&#8220;off&#8220; _builder_version=&#8220;4.17.3&#8243; _module_preset=&#8220;default&#8220; hover_enabled=&#8220;0&#8243; border_color_all_image=&#8220;RGBA(255,255,255,0)&#8220; global_colors_info=&#8220;{}&#8220; sticky_enabled=&#8220;0&#8243;][\/et_pb_gallery][et_pb_divider show_divider=&#8220;off&#8220; _builder_version=&#8220;4.16.1&#8243; _module_preset=&#8220;default&#8220; global_colors_info=&#8220;{}&#8220;][\/et_pb_divider][\/et_pb_column][\/et_pb_row][\/et_pb_section]<\/p>","protected":false},"excerpt":{"rendered":"<p>Bauernhof-ImpressionenBilder sagen mehr als 1000 Worte. Lass dich f\u00fcr deinen n\u00e4chsten Urlaub bei uns inspirieren.<\/p>","protected":false},"author":1,"featured_media":19147,"parent":0,"menu_order":0,"comment_status":"closed","ping_status":"closed","template":"","meta":{"_et_pb_use_builder":"on","_et_pb_old_content":"","_et_gb_content_width":"","footnotes":""},"class_list":["post-18316","page","type-page","status-publish","has-post-thumbnail","hentry"],"yoast_head":"<!-- This site is optimized with the Yoast SEO plugin v24.6 - https:\/\/yoast.com\/wordpress\/plugins\/seo\/ -->\n<title>Bildergallerie - TSCHARNIGHOF - a richtig sch\u00f6n&#039;s Platzl<\/title>\n<meta name=\"robots\" content=\"index, follow, max-snippet:-1, max-image-preview:large, max-video-preview:-1\" \/>\n<link rel=\"canonical\" href=\"https:\/\/tscharnighof.at\/en\/bildergallerie\/\" \/>\n<meta property=\"og:locale\" content=\"en_GB\" \/>\n<meta property=\"og:type\" content=\"article\" \/>\n<meta property=\"og:title\" content=\"Bildergallerie - TSCHARNIGHOF - a richtig sch\u00f6n&#039;s Platzl\" \/>\n<meta property=\"og:description\" content=\"Bauernhof-ImpressionenBilder sagen mehr als 1000 Worte. Lass dich f\u00fcr deinen n\u00e4chsten Urlaub bei uns inspirieren.\" \/>\n<meta property=\"og:url\" content=\"https:\/\/tscharnighof.at\/en\/bildergallerie\/\" \/>\n<meta property=\"og:site_name\" content=\"TSCHARNIGHOF - a richtig sch\u00f6n&#039;s Platzl\" \/>\n<meta property=\"article:modified_time\" content=\"2024-06-25T19:45:34+00:00\" \/>\n<meta property=\"og:image\" content=\"https:\/\/tscharnighof.at\/wp-content\/uploads\/2022\/04\/foto_haus_nebelrand_ns_091123173342.jpg\" \/>\n\t<meta property=\"og:image:width\" content=\"500\" \/>\n\t<meta property=\"og:image:height\" content=\"333\" \/>\n\t<meta property=\"og:image:type\" content=\"image\/jpeg\" \/>\n<meta name=\"twitter:card\" content=\"summary_large_image\" \/>\n<meta name=\"twitter:label1\" content=\"Estimated reading time\" \/>\n\t<meta name=\"twitter:data1\" content=\"1 minute\" \/>\n<script type=\"application\/ld+json\" class=\"yoast-schema-graph\">{\"@context\":\"https:\/\/schema.org\",\"@graph\":[{\"@type\":\"WebPage\",\"@id\":\"https:\/\/tscharnighof.at\/bildergallerie\/\",\"url\":\"https:\/\/tscharnighof.at\/bildergallerie\/\",\"name\":\"Bildergallerie - TSCHARNIGHOF - a richtig sch\u00f6n&#039;s Platzl\",\"isPartOf\":{\"@id\":\"https:\/\/tscharnighof.at\/#website\"},\"primaryImageOfPage\":{\"@id\":\"https:\/\/tscharnighof.at\/bildergallerie\/#primaryimage\"},\"image\":{\"@id\":\"https:\/\/tscharnighof.at\/bildergallerie\/#primaryimage\"},\"thumbnailUrl\":\"https:\/\/tscharnighof.at\/wp-content\/uploads\/2024\/06\/IMG_2549-scaled.jpeg\",\"datePublished\":\"2022-04-26T11:47:31+00:00\",\"dateModified\":\"2024-06-25T19:45:34+00:00\",\"breadcrumb\":{\"@id\":\"https:\/\/tscharnighof.at\/bildergallerie\/#breadcrumb\"},\"inLanguage\":\"en-GB\",\"potentialAction\":[{\"@type\":\"ReadAction\",\"target\":[\"https:\/\/tscharnighof.at\/bildergallerie\/\"]}]},{\"@type\":\"ImageObject\",\"inLanguage\":\"en-GB\",\"@id\":\"https:\/\/tscharnighof.at\/bildergallerie\/#primaryimage\",\"url\":\"https:\/\/tscharnighof.at\/wp-content\/uploads\/2024\/06\/IMG_2549-scaled.jpeg\",\"contentUrl\":\"https:\/\/tscharnighof.at\/wp-content\/uploads\/2024\/06\/IMG_2549-scaled.jpeg\",\"width\":2560,\"height\":1920},{\"@type\":\"BreadcrumbList\",\"@id\":\"https:\/\/tscharnighof.at\/bildergallerie\/#breadcrumb\",\"itemListElement\":[{\"@type\":\"ListItem\",\"position\":1,\"name\":\"Startseite\",\"item\":\"https:\/\/tscharnighof.at\/\"},{\"@type\":\"ListItem\",\"position\":2,\"name\":\"Bildergallerie\"}]},{\"@type\":\"WebSite\",\"@id\":\"https:\/\/tscharnighof.at\/#website\",\"url\":\"https:\/\/tscharnighof.at\/\",\"name\":\"TSCHARNIGHOF - a richtig sch\u00f6n&#039;s Platzl\",\"description\":\"\",\"potentialAction\":[{\"@type\":\"SearchAction\",\"target\":{\"@type\":\"EntryPoint\",\"urlTemplate\":\"https:\/\/tscharnighof.at\/?s={search_term_string}\"},\"query-input\":{\"@type\":\"PropertyValueSpecification\",\"valueRequired\":true,\"valueName\":\"search_term_string\"}}],\"inLanguage\":\"en-GB\"}]}<\/script>\n<!-- \/ Yoast SEO plugin. -->","yoast_head_json":{"title":"Bildergallerie - TSCHARNIGHOF - a richtig sch\u00f6n&#039;s Platzl","robots":{"index":"index","follow":"follow","max-snippet":"max-snippet:-1","max-image-preview":"max-image-preview:large","max-video-preview":"max-video-preview:-1"},"canonical":"https:\/\/tscharnighof.at\/en\/bildergallerie\/","og_locale":"en_GB","og_type":"article","og_title":"Bildergallerie - TSCHARNIGHOF - a richtig sch\u00f6n&#039;s Platzl","og_description":"Bauernhof-ImpressionenBilder sagen mehr als 1000 Worte. Lass dich f\u00fcr deinen n\u00e4chsten Urlaub bei uns inspirieren.","og_url":"https:\/\/tscharnighof.at\/en\/bildergallerie\/","og_site_name":"TSCHARNIGHOF - a richtig sch\u00f6n&#039;s Platzl","article_modified_time":"2024-06-25T19:45:34+00:00","og_image":[{"width":500,"height":333,"url":"https:\/\/tscharnighof.at\/wp-content\/uploads\/2022\/04\/foto_haus_nebelrand_ns_091123173342.jpg","type":"image\/jpeg"}],"twitter_card":"summary_large_image","twitter_misc":{"Estimated reading time":"1 minute"},"schema":{"@context":"https:\/\/schema.org","@graph":[{"@type":"WebPage","@id":"https:\/\/tscharnighof.at\/bildergallerie\/","url":"https:\/\/tscharnighof.at\/bildergallerie\/","name":"Bildergallerie - TSCHARNIGHOF - a richtig sch\u00f6n&#039;s Platzl","isPartOf":{"@id":"https:\/\/tscharnighof.at\/#website"},"primaryImageOfPage":{"@id":"https:\/\/tscharnighof.at\/bildergallerie\/#primaryimage"},"image":{"@id":"https:\/\/tscharnighof.at\/bildergallerie\/#primaryimage"},"thumbnailUrl":"https:\/\/tscharnighof.at\/wp-content\/uploads\/2024\/06\/IMG_2549-scaled.jpeg","datePublished":"2022-04-26T11:47:31+00:00","dateModified":"2024-06-25T19:45:34+00:00","breadcrumb":{"@id":"https:\/\/tscharnighof.at\/bildergallerie\/#breadcrumb"},"inLanguage":"en-GB","potentialAction":[{"@type":"ReadAction","target":["https:\/\/tscharnighof.at\/bildergallerie\/"]}]},{"@type":"ImageObject","inLanguage":"en-GB","@id":"https:\/\/tscharnighof.at\/bildergallerie\/#primaryimage","url":"https:\/\/tscharnighof.at\/wp-content\/uploads\/2024\/06\/IMG_2549-scaled.jpeg","contentUrl":"https:\/\/tscharnighof.at\/wp-content\/uploads\/2024\/06\/IMG_2549-scaled.jpeg","width":2560,"height":1920},{"@type":"BreadcrumbList","@id":"https:\/\/tscharnighof.at\/bildergallerie\/#breadcrumb","itemListElement":[{"@type":"ListItem","position":1,"name":"Startseite","item":"https:\/\/tscharnighof.at\/"},{"@type":"ListItem","position":2,"name":"Bildergallerie"}]},{"@type":"WebSite","@id":"https:\/\/tscharnighof.at\/#website","url":"https:\/\/tscharnighof.at\/","name":"TSCHARNIGHOF - a richtig sch\u00f6n&#039;s Platzl","description":"","potentialAction":[{"@type":"SearchAction","target":{"@type":"EntryPoint","urlTemplate":"https:\/\/tscharnighof.at\/?s={search_term_string}"},"query-input":{"@type":"PropertyValueSpecification","valueRequired":true,"valueName":"search_term_string"}}],"inLanguage":"en-GB"}]}},"_links":{"self":[{"href":"https:\/\/tscharnighof.at\/en\/wp-json\/wp\/v2\/pages\/18316","targetHints":{"allow":["GET"]}}],"collection":[{"href":"https:\/\/tscharnighof.at\/en\/wp-json\/wp\/v2\/pages"}],"about":[{"href":"https:\/\/tscharnighof.at\/en\/wp-json\/wp\/v2\/types\/page"}],"author":[{"embeddable":true,"href":"https:\/\/tscharnighof.at\/en\/wp-json\/wp\/v2\/users\/1"}],"replies":[{"embeddable":true,"href":"https:\/\/tscharnighof.at\/en\/wp-json\/wp\/v2\/comments?post=18316"}],"version-history":[{"count":24,"href":"https:\/\/tscharnighof.at\/en\/wp-json\/wp\/v2\/pages\/18316\/revisions"}],"predecessor-version":[{"id":19170,"href":"https:\/\/tscharnighof.at\/en\/wp-json\/wp\/v2\/pages\/18316\/revisions\/19170"}],"wp:featuredmedia":[{"embeddable":true,"href":"https:\/\/tscharnighof.at\/en\/wp-json\/wp\/v2\/media\/19147"}],"wp:attachment":[{"href":"https:\/\/tscharnighof.at\/en\/wp-json\/wp\/v2\/media?parent=18316"}],"curies":[{"name":"wp","href":"https:\/\/api.w.org\/{rel}","templated":true}]}}