{"id":18721,"date":"2022-05-02T17:02:06","date_gmt":"2022-05-02T15:02:06","guid":{"rendered":"http:\/\/www.tscharnighof.at\/?page_id=18721"},"modified":"2025-02-14T10:44:18","modified_gmt":"2025-02-14T09:44:18","slug":"smiley","status":"publish","type":"page","link":"https:\/\/tscharnighof.at\/en\/smiley\/","title":{"rendered":"Smiley"},"content":{"rendered":"<p>[et_pb_section fb_built=&#8220;1&#8243; _builder_version=&#8220;4.16.1&#8243; _module_preset=&#8220;default&#8220; global_colors_info=&#8220;{}&#8220;][et_pb_row _builder_version=&#8220;4.16.1&#8243; _module_preset=&#8220;default&#8220; global_colors_info=&#8220;{}&#8220;][et_pb_column type=&#8220;4_4&#8243; _builder_version=&#8220;4.16.1&#8243; _module_preset=&#8220;default&#8220; global_colors_info=&#8220;{}&#8220;][et_pb_text _builder_version=&#8220;4.17.3&#8243; _module_preset=&#8220;default&#8220; header_2_font=&#8220;Bad Script|700||on|||||&#8220; header_2_text_align=&#8220;left&#8220; header_2_text_color=&#8220;#E02B20&#8243; header_2_font_size=&#8220;35px&#8220; header_2_letter_spacing=&#8220;2px&#8220; header_2_line_height=&#8220;1.4em&#8220; header_2_font_size_tablet=&#8220;30px&#8220; header_2_font_size_phone=&#8220;25px&#8220; header_2_font_size_last_edited=&#8220;on|phone&#8220; global_colors_info=&#8220;{}&#8220;]<\/p>\n<h2>Family room \"Smiley\"<\/h2>\n<p>[\/et_pb_text][\/et_pb_column][\/et_pb_row][et_pb_row column_structure=&#8220;3_5,2_5&#8243; _builder_version=&#8220;4.16.1&#8243; _module_preset=&#8220;default&#8220; global_colors_info=&#8220;{}&#8220;][et_pb_column type=&#8220;3_5&#8243; _builder_version=&#8220;4.16.1&#8243; _module_preset=&#8220;default&#8220; global_colors_info=&#8220;{}&#8220;][et_pb_image src=&#8220;https:\/\/tscharnighof.at\/wp-content\/uploads\/2022\/05\/familienzimmer_smiley_111128110927.jpg&#8220; title_text=&#8220;familienzimmer_smiley_111128110927&#8243; show_in_lightbox=&#8220;on&#8220; align=&#8220;center&#8220; _builder_version=&#8220;4.17.3&#8243; _module_preset=&#8220;default&#8220; global_colors_info=&#8220;{}&#8220;][\/et_pb_image][et_pb_text _builder_version=&#8220;4.17.3&#8243; _module_preset=&#8220;default&#8220; text_line_height=&#8220;1.8em&#8220; global_colors_info=&#8220;{}&#8220;]<\/p>\n<p>The 2 double rooms are right next to each other on the 2nd floor.<br \/>In a double room there is a sofa bed (possibly for a 3rd child) and a cot is also available.<br \/>2 showers, 2 toilets, 2 satellite TVs<\/p>\n<p>[\/et_pb_text][\/et_pb_column][et_pb_column type=&#8220;2_5&#8243; _builder_version=&#8220;4.16.1&#8243; _module_preset=&#8220;default&#8220; global_colors_info=&#8220;{}&#8220;][et_pb_divider show_divider=&#8220;off&#8220; _builder_version=&#8220;4.16.1&#8243; _module_preset=&#8220;default&#8220; global_colors_info=&#8220;{}&#8220;][\/et_pb_divider][et_pb_divider color=&#8220;RGBA(255,255,255,0)&#8220; divider_weight=&#8220;5px&#8220; _builder_version=&#8220;4.16.1&#8243; _module_preset=&#8220;default&#8220; custom_padding=&#8220;50px||||false|false&#8220; global_colors_info=&#8220;{}&#8220;][\/et_pb_divider][et_pb_button button_url=&#8220;@ET-DC@eyJkeW5hbWljIjp0cnVlLCJjb250ZW50IjoicG9zdF9saW5rX3VybF9wYWdlIiwic2V0dGluZ3MiOnsicG9zdF9pZCI6IjU0NDgifX0=@&#8220; button_text=&#8220;zu den Ferienwohnungen &#8220; button_alignment=&#8220;right&#8220; _builder_version=&#8220;4.16.1&#8243; _dynamic_attributes=&#8220;button_url&#8220; _module_preset=&#8220;default&#8220; custom_button=&#8220;on&#8220; button_text_size=&#8220;18px&#8220; global_colors_info=&#8220;{}&#8220;][\/et_pb_button][et_pb_button button_url=&#8220;@ET-DC@eyJkeW5hbWljIjp0cnVlLCJjb250ZW50IjoicG9zdF9saW5rX3VybF9wYWdlIiwic2V0dGluZ3MiOnsicG9zdF9pZCI6IjU0NTIifX0=@&#8220; button_text=&#8220;zu den Zimmern&#8220; button_alignment=&#8220;right&#8220; _builder_version=&#8220;4.17.3&#8243; _dynamic_attributes=&#8220;button_url&#8220; _module_preset=&#8220;default&#8220; global_colors_info=&#8220;{}&#8220;][\/et_pb_button][et_pb_divider _builder_version=&#8220;4.16.1&#8243; _module_preset=&#8220;default&#8220; custom_margin=&#8220;-10px||||false|false&#8220; global_colors_info=&#8220;{}&#8220;][\/et_pb_divider][et_pb_button button_url=&#8220;@ET-DC@eyJkeW5hbWljIjp0cnVlLCJjb250ZW50IjoicG9zdF9saW5rX3VybF9wYWdlIiwic2V0dGluZ3MiOnsicG9zdF9pZCI6IjE4MjEzIn19@&#8220; button_text=&#8220;Gut zu wissen!&#8220; button_alignment=&#8220;right&#8220; _builder_version=&#8220;4.16.1&#8243; _dynamic_attributes=&#8220;button_url&#8220; _module_preset=&#8220;default&#8220; custom_button=&#8220;on&#8220; button_text_color=&#8220;#FFFFFF&#8220; button_bg_color=&#8220;#E02B20&#8243; custom_margin=&#8220;-40px||||false|false&#8220; custom_padding=&#8220;||||false|false&#8220; global_colors_info=&#8220;{}&#8220;][\/et_pb_button][et_pb_button button_url=&#8220;@ET-DC@eyJkeW5hbWljIjp0cnVlLCJjb250ZW50IjoicG9zdF9saW5rX3VybF9wYWdlIiwic2V0dGluZ3MiOnsicG9zdF9pZCI6IjUzNDcifX0=@&#8220; button_text=&#8220;Allgemeine Informationen&#8220; button_alignment=&#8220;right&#8220; _builder_version=&#8220;4.16.1&#8243; _dynamic_attributes=&#8220;button_url&#8220; _module_preset=&#8220;default&#8220; custom_button=&#8220;on&#8220; button_text_color=&#8220;#FFFFFF&#8220; button_bg_color=&#8220;#E02B20&#8243; global_colors_info=&#8220;{}&#8220;][\/et_pb_button][\/et_pb_column][\/et_pb_row][et_pb_row column_structure=&#8220;1_3,1_3,1_3&#8243; _builder_version=&#8220;4.16.1&#8243; _module_preset=&#8220;default&#8220; global_colors_info=&#8220;{}&#8220;][et_pb_column type=&#8220;1_3&#8243; _builder_version=&#8220;4.16.1&#8243; _module_preset=&#8220;default&#8220; global_colors_info=&#8220;{}&#8220;][et_pb_image src=&#8220;https:\/\/tscharnighof.at\/wp-content\/uploads\/2024\/06\/Smiley1.3-scaled.jpeg&#8220; title_text=&#8220;Smiley1.3&#8243; _builder_version=&#8220;4.17.3&#8243; _module_preset=&#8220;default&#8220; global_colors_info=&#8220;{}&#8220;][\/et_pb_image][\/et_pb_column][et_pb_column type=&#8220;1_3&#8243; _builder_version=&#8220;4.16.1&#8243; _module_preset=&#8220;default&#8220; global_colors_info=&#8220;{}&#8220;][et_pb_image src=&#8220;https:\/\/tscharnighof.at\/wp-content\/uploads\/2024\/06\/Smiley-2-Edit-scaled.jpg&#8220; title_text=&#8220;Smiley 2-Edit&#8220; _builder_version=&#8220;4.17.3&#8243; _module_preset=&#8220;default&#8220; global_colors_info=&#8220;{}&#8220;][\/et_pb_image][\/et_pb_column][et_pb_column type=&#8220;1_3&#8243; _builder_version=&#8220;4.16.1&#8243; _module_preset=&#8220;default&#8220; global_colors_info=&#8220;{}&#8220;][et_pb_image src=&#8220;https:\/\/tscharnighof.at\/wp-content\/uploads\/2024\/06\/1.4-1-scaled.jpeg&#8220; title_text=&#8220;1.4&#8243; _builder_version=&#8220;4.17.3&#8243; _module_preset=&#8220;default&#8220; global_colors_info=&#8220;{}&#8220;][\/et_pb_image][\/et_pb_column][\/et_pb_row][et_pb_row column_structure=&#8220;1_3,1_3,1_3&#8243; _builder_version=&#8220;4.16.1&#8243; _module_preset=&#8220;default&#8220; global_colors_info=&#8220;{}&#8220;][et_pb_column type=&#8220;1_3&#8243; _builder_version=&#8220;4.16.1&#8243; _module_preset=&#8220;default&#8220; global_colors_info=&#8220;{}&#8220;][et_pb_image src=&#8220;https:\/\/tscharnighof.at\/wp-content\/uploads\/2022\/05\/Smiley-Bad.jpg&#8220; alt=&#8220;Rosenduft&#8220; title_text=&#8220;Smiley Bad&#8220; show_in_lightbox=&#8220;on&#8220; use_overlay=&#8220;on&#8220; overlay_icon_color=&#8220;#FFFFFF&#8220; hover_overlay_color=&#8220;rgba(198,198,198,0.23)&#8220; _builder_version=&#8220;4.16.1&#8243; _module_preset=&#8220;default&#8220; global_colors_info=&#8220;{}&#8220;][\/et_pb_image][\/et_pb_column][et_pb_column type=&#8220;1_3&#8243; _builder_version=&#8220;4.16.1&#8243; _module_preset=&#8220;default&#8220; global_colors_info=&#8220;{}&#8220;][et_pb_image src=&#8220;https:\/\/tscharnighof.at\/wp-content\/uploads\/2022\/05\/Smiley-scaled.jpg&#8220; alt=&#8220;Rosenduft&#8220; title_text=&#8220;Smiley&#8220; show_in_lightbox=&#8220;on&#8220; use_overlay=&#8220;on&#8220; overlay_icon_color=&#8220;#FFFFFF&#8220; hover_overlay_color=&#8220;rgba(198,198,198,0.23)&#8220; _builder_version=&#8220;4.16.1&#8243; _module_preset=&#8220;default&#8220; global_colors_info=&#8220;{}&#8220;][\/et_pb_image][\/et_pb_column][et_pb_column type=&#8220;1_3&#8243; _builder_version=&#8220;4.16.1&#8243; _module_preset=&#8220;default&#8220; global_colors_info=&#8220;{}&#8220;][et_pb_image src=&#8220;https:\/\/tscharnighof.at\/wp-content\/uploads\/2022\/05\/Zugang-Smiley-DZ-scaled.jpg&#8220; alt=&#8220;Rosenduft&#8220; title_text=&#8220;Zugang Smiley DZ&#8220; show_in_lightbox=&#8220;on&#8220; use_overlay=&#8220;on&#8220; overlay_icon_color=&#8220;#FFFFFF&#8220; hover_overlay_color=&#8220;rgba(198,198,198,0.23)&#8220; _builder_version=&#8220;4.17.3&#8243; _module_preset=&#8220;default&#8220; custom_padding=&#8220;2px|||||&#8220; global_colors_info=&#8220;{}&#8220;][\/et_pb_image][\/et_pb_column][\/et_pb_row][\/et_pb_section][et_pb_section fb_built=&#8220;1&#8243; _builder_version=&#8220;4.16.1&#8243; _module_preset=&#8220;default&#8220; global_colors_info=&#8220;{}&#8220;][et_pb_row column_structure=&#8220;1_2,1_2&#8243; _builder_version=&#8220;4.17.3&#8243; _module_preset=&#8220;default&#8220; custom_margin=&#8220;-70px||||false|false&#8220; hover_enabled=&#8220;0&#8243; global_colors_info=&#8220;{}&#8220; sticky_enabled=&#8220;0&#8243;][et_pb_column type=&#8220;1_2&#8243; _builder_version=&#8220;4.16.1&#8243; _module_preset=&#8220;default&#8220; global_colors_info=&#8220;{}&#8220;][et_pb_text _builder_version=&#8220;4.17.3&#8243; _module_preset=&#8220;default&#8220; hover_enabled=&#8220;0&#8243; global_colors_info=&#8220;{}&#8220; sticky_enabled=&#8220;0&#8243;]<\/p>\n<h3><strong>Preise 2025<\/strong><\/h3>\n<p>[\/et_pb_text][et_pb_text _builder_version=&#8220;4.17.3&#8243; _module_preset=&#8220;default&#8220; text_font_size=&#8220;16px&#8220; global_colors_info=&#8220;{}&#8220;]<\/p>\n<p>All prices are understood in each case <strong>pro Familie\/N\u00e4chtigung<\/strong>. Zuz\u00fcglich \u20ac 1,66 Ortstaxe\/Tag f\u00fcr Personen ab 17 Jahren und Endreinigung \u20ac 66,- f\u00fcr die Benutzung der G\u00e4stek\u00fcche.<\/p>\n<p>[\/et_pb_text][et_pb_text _builder_version=&#8220;4.17.3&#8243; _module_preset=&#8220;default&#8220; hover_enabled=&#8220;0&#8243; global_colors_info=&#8220;{}&#8220; sticky_enabled=&#8220;0&#8243;]<\/p>\n<h2><strong>ab \u20ac 99,-<\/strong><\/h2>\n<p>01.01 &#8211; 10.04.2025<\/p>\n<p>21.04 &#8211; 28.05\/ 09.06 &#8211; 30.06.2025<\/p>\n<p>01.09 &#8211; 31.12.2025<\/p>\n<p>[\/et_pb_text][et_pb_text _builder_version=&#8220;4.17.3&#8243; _module_preset=&#8220;default&#8220; hover_enabled=&#8220;0&#8243; global_colors_info=&#8220;{}&#8220; sticky_enabled=&#8220;0&#8243;]<\/p>\n<h2><strong>ab \u20ac 117,-<\/strong><\/h2>\n<p>11.04 &#8211; 20.04 (Ostern)<\/p>\n<p>29.05 &#8211; 08.06 (Pfingsten)<\/p>\n<p>01.07 &#8211; 31.08 (Sommer)<\/p>\n<p>[\/et_pb_text][\/et_pb_column][et_pb_column type=&#8220;1_2&#8243; _builder_version=&#8220;4.16.1&#8243; _module_preset=&#8220;default&#8220; global_colors_info=&#8220;{}&#8220;][et_pb_text _builder_version=&#8220;4.17.3&#8243; _module_preset=&#8220;default&#8220; global_colors_info=&#8220;{}&#8220;]<\/p>\n<h3><strong>Do you need more information?<\/strong><\/h3>\n<p>[\/et_pb_text][et_pb_text _builder_version=&#8220;4.17.3&#8243; _module_preset=&#8220;default&#8220; text_font_size=&#8220;16px&#8220; global_colors_info=&#8220;{}&#8220;]<\/p>\n<p>Then simply use this form to inquire. We'll be in touch with you shortly.<\/p>\n<p>[\/et_pb_text][et_pb_contact_form email=&#8220;office@diederich-it.com&#8220; success_message=&#8220;Nachricht erfolgreich gesendet!&#8220; submit_button_text=&#8220;senden&#8220; _builder_version=&#8220;4.17.3&#8243; _module_preset=&#8220;default&#8220; _unique_id=&#8220;39799b15-37f9-4315-9541-848b771610b1&#8243; global_colors_info=&#8220;{}&#8220;][et_pb_contact_field field_id=&#8220;Name&#8220; field_title=&#8220;Vor- und Zuname&#8220; _builder_version=&#8220;4.16.1&#8243; global_colors_info=&#8220;{}&#8220; button_text_size__hover_enabled=&#8220;off&#8220; button_one_text_size__hover_enabled=&#8220;off&#8220; button_two_text_size__hover_enabled=&#8220;off&#8220; button_text_color__hover_enabled=&#8220;off&#8220; button_one_text_color__hover_enabled=&#8220;off&#8220; button_two_text_color__hover_enabled=&#8220;off&#8220; button_border_width__hover_enabled=&#8220;off&#8220; button_one_border_width__hover_enabled=&#8220;off&#8220; button_two_border_width__hover_enabled=&#8220;off&#8220; button_border_color__hover_enabled=&#8220;off&#8220; button_one_border_color__hover_enabled=&#8220;off&#8220; button_two_border_color__hover_enabled=&#8220;off&#8220; button_border_radius__hover_enabled=&#8220;off&#8220; button_one_border_radius__hover_enabled=&#8220;off&#8220; button_two_border_radius__hover_enabled=&#8220;off&#8220; button_letter_spacing__hover_enabled=&#8220;off&#8220; button_one_letter_spacing__hover_enabled=&#8220;off&#8220; button_two_letter_spacing__hover_enabled=&#8220;off&#8220; button_bg_color__hover_enabled=&#8220;off&#8220; button_one_bg_color__hover_enabled=&#8220;off&#8220; button_two_bg_color__hover_enabled=&#8220;off&#8220;][\/et_pb_contact_field][et_pb_contact_field field_id=&#8220;Email&#8220; field_title=&#8220;Email Addresse&#8220; field_type=&#8220;email&#8220; _builder_version=&#8220;4.16.1&#8243; global_colors_info=&#8220;{}&#8220; button_text_size__hover_enabled=&#8220;off&#8220; button_one_text_size__hover_enabled=&#8220;off&#8220; button_two_text_size__hover_enabled=&#8220;off&#8220; button_text_color__hover_enabled=&#8220;off&#8220; button_one_text_color__hover_enabled=&#8220;off&#8220; button_two_text_color__hover_enabled=&#8220;off&#8220; button_border_width__hover_enabled=&#8220;off&#8220; button_one_border_width__hover_enabled=&#8220;off&#8220; button_two_border_width__hover_enabled=&#8220;off&#8220; button_border_color__hover_enabled=&#8220;off&#8220; button_one_border_color__hover_enabled=&#8220;off&#8220; button_two_border_color__hover_enabled=&#8220;off&#8220; button_border_radius__hover_enabled=&#8220;off&#8220; button_one_border_radius__hover_enabled=&#8220;off&#8220; button_two_border_radius__hover_enabled=&#8220;off&#8220; button_letter_spacing__hover_enabled=&#8220;off&#8220; button_one_letter_spacing__hover_enabled=&#8220;off&#8220; button_two_letter_spacing__hover_enabled=&#8220;off&#8220; button_bg_color__hover_enabled=&#8220;off&#8220; button_one_bg_color__hover_enabled=&#8220;off&#8220; button_two_bg_color__hover_enabled=&#8220;off&#8220;][\/et_pb_contact_field][et_pb_contact_field field_id=&#8220;Telefon&#8220; field_title=&#8220;Telefon&#8220; allowed_symbols=&#8220;numbers&#8220; required_mark=&#8220;off&#8220; fullwidth_field=&#8220;on&#8220; _builder_version=&#8220;4.16.1&#8243; _module_preset=&#8220;default&#8220; global_colors_info=&#8220;{}&#8220;][\/et_pb_contact_field][et_pb_contact_field field_id=&#8220;Nachricht&#8220; field_title=&#8220;Deine Nachricht an uns&#8220; field_type=&#8220;text&#8220; fullwidth_field=&#8220;on&#8220; _builder_version=&#8220;4.17.3&#8243; global_colors_info=&#8220;{}&#8220; button_text_size__hover_enabled=&#8220;off&#8220; button_one_text_size__hover_enabled=&#8220;off&#8220; button_two_text_size__hover_enabled=&#8220;off&#8220; button_text_color__hover_enabled=&#8220;off&#8220; button_one_text_color__hover_enabled=&#8220;off&#8220; button_two_text_color__hover_enabled=&#8220;off&#8220; button_border_width__hover_enabled=&#8220;off&#8220; button_one_border_width__hover_enabled=&#8220;off&#8220; button_two_border_width__hover_enabled=&#8220;off&#8220; button_border_color__hover_enabled=&#8220;off&#8220; button_one_border_color__hover_enabled=&#8220;off&#8220; button_two_border_color__hover_enabled=&#8220;off&#8220; button_border_radius__hover_enabled=&#8220;off&#8220; button_one_border_radius__hover_enabled=&#8220;off&#8220; button_two_border_radius__hover_enabled=&#8220;off&#8220; button_letter_spacing__hover_enabled=&#8220;off&#8220; button_one_letter_spacing__hover_enabled=&#8220;off&#8220; button_two_letter_spacing__hover_enabled=&#8220;off&#8220; button_bg_color__hover_enabled=&#8220;off&#8220; button_one_bg_color__hover_enabled=&#8220;off&#8220; button_two_bg_color__hover_enabled=&#8220;off&#8220;][\/et_pb_contact_field][\/et_pb_contact_form][\/et_pb_column][\/et_pb_row][\/et_pb_section]<\/p>","protected":false},"excerpt":{"rendered":"<p>Familienzimmer &#8222;Smiley&#8220;Die 2 Doppelzimmer befinden sich direkt nebeneinander im 2. Stock.In einem Doppelzimmer steht noch ein Schlafsofa (eventuell f\u00fcr ein 3. Kind) und ein Gitterbett ist ebenfalls vorhanden.2 Duschen, 2 WCs, 2 SAT-FernseherPreise 2025S\u00e4mtliche Preise verstehen sich jeweils pro Familie\/N\u00e4chtigung. Zuz\u00fcglich \u20ac 1,66 Ortstaxe\/Tag f\u00fcr Personen ab 17 Jahren und Endreinigung \u20ac 66,- f\u00fcr die [&hellip;]<\/p>","protected":false},"author":1,"featured_media":0,"parent":0,"menu_order":0,"comment_status":"closed","ping_status":"closed","template":"","meta":{"_et_pb_use_builder":"on","_et_pb_old_content":"","_et_gb_content_width":"","footnotes":""},"class_list":["post-18721","page","type-page","status-publish","hentry"],"yoast_head":"<!-- This site is optimized with the Yoast SEO plugin v24.6 - https:\/\/yoast.com\/wordpress\/plugins\/seo\/ -->\n<title>Smiley - TSCHARNIGHOF - a richtig sch\u00f6n&#039;s Platzl<\/title>\n<meta name=\"robots\" content=\"index, follow, max-snippet:-1, max-image-preview:large, max-video-preview:-1\" \/>\n<link rel=\"canonical\" href=\"https:\/\/tscharnighof.at\/en\/smiley\/\" \/>\n<meta property=\"og:locale\" content=\"en_GB\" \/>\n<meta property=\"og:type\" content=\"article\" \/>\n<meta property=\"og:title\" content=\"Smiley - TSCHARNIGHOF - a richtig sch\u00f6n&#039;s Platzl\" \/>\n<meta property=\"og:description\" content=\"Familienzimmer &quot;Smiley&quot;Die 2 Doppelzimmer befinden sich direkt nebeneinander im 2. Stock.In einem Doppelzimmer steht noch ein Schlafsofa (eventuell f\u00fcr ein 3. Kind) und ein Gitterbett ist ebenfalls vorhanden.2 Duschen, 2 WCs, 2 SAT-FernseherPreise 2025S\u00e4mtliche Preise verstehen sich jeweils pro Familie\/N\u00e4chtigung. Zuz\u00fcglich \u20ac 1,66 Ortstaxe\/Tag f\u00fcr Personen ab 17 Jahren und Endreinigung \u20ac 66,- f\u00fcr die [&hellip;]\" \/>\n<meta property=\"og:url\" content=\"https:\/\/tscharnighof.at\/en\/smiley\/\" \/>\n<meta property=\"og:site_name\" content=\"TSCHARNIGHOF - a richtig sch\u00f6n&#039;s Platzl\" \/>\n<meta property=\"article:modified_time\" content=\"2025-02-14T09:44:18+00:00\" \/>\n<meta property=\"og:image\" content=\"https:\/\/tscharnighof.at\/wp-content\/uploads\/2022\/05\/SMI-2.jpg\" \/>\n\t<meta property=\"og:image:width\" content=\"1600\" \/>\n\t<meta property=\"og:image:height\" content=\"900\" \/>\n\t<meta property=\"og:image:type\" content=\"image\/jpeg\" \/>\n<meta name=\"twitter:card\" content=\"summary_large_image\" \/>\n<meta name=\"twitter:label1\" content=\"Estimated reading time\" \/>\n\t<meta name=\"twitter:data1\" content=\"3 minutes\" \/>\n<script type=\"application\/ld+json\" class=\"yoast-schema-graph\">{\"@context\":\"https:\/\/schema.org\",\"@graph\":[{\"@type\":\"WebPage\",\"@id\":\"https:\/\/tscharnighof.at\/smiley\/\",\"url\":\"https:\/\/tscharnighof.at\/smiley\/\",\"name\":\"Smiley - TSCHARNIGHOF - a richtig sch\u00f6n&#039;s Platzl\",\"isPartOf\":{\"@id\":\"https:\/\/tscharnighof.at\/#website\"},\"datePublished\":\"2022-05-02T15:02:06+00:00\",\"dateModified\":\"2025-02-14T09:44:18+00:00\",\"breadcrumb\":{\"@id\":\"https:\/\/tscharnighof.at\/smiley\/#breadcrumb\"},\"inLanguage\":\"en-GB\",\"potentialAction\":[{\"@type\":\"ReadAction\",\"target\":[\"https:\/\/tscharnighof.at\/smiley\/\"]}]},{\"@type\":\"BreadcrumbList\",\"@id\":\"https:\/\/tscharnighof.at\/smiley\/#breadcrumb\",\"itemListElement\":[{\"@type\":\"ListItem\",\"position\":1,\"name\":\"Startseite\",\"item\":\"https:\/\/tscharnighof.at\/\"},{\"@type\":\"ListItem\",\"position\":2,\"name\":\"Smiley\"}]},{\"@type\":\"WebSite\",\"@id\":\"https:\/\/tscharnighof.at\/#website\",\"url\":\"https:\/\/tscharnighof.at\/\",\"name\":\"TSCHARNIGHOF - a richtig sch\u00f6n&#039;s Platzl\",\"description\":\"\",\"potentialAction\":[{\"@type\":\"SearchAction\",\"target\":{\"@type\":\"EntryPoint\",\"urlTemplate\":\"https:\/\/tscharnighof.at\/?s={search_term_string}\"},\"query-input\":{\"@type\":\"PropertyValueSpecification\",\"valueRequired\":true,\"valueName\":\"search_term_string\"}}],\"inLanguage\":\"en-GB\"}]}<\/script>\n<!-- \/ Yoast SEO plugin. -->","yoast_head_json":{"title":"Smiley - TSCHARNIGHOF - a richtig sch\u00f6n&#039;s Platzl","robots":{"index":"index","follow":"follow","max-snippet":"max-snippet:-1","max-image-preview":"max-image-preview:large","max-video-preview":"max-video-preview:-1"},"canonical":"https:\/\/tscharnighof.at\/en\/smiley\/","og_locale":"en_GB","og_type":"article","og_title":"Smiley - TSCHARNIGHOF - a richtig sch\u00f6n&#039;s Platzl","og_description":"Familienzimmer \"Smiley\"Die 2 Doppelzimmer befinden sich direkt nebeneinander im 2. Stock.In einem Doppelzimmer steht noch ein Schlafsofa (eventuell f\u00fcr ein 3. Kind) und ein Gitterbett ist ebenfalls vorhanden.2 Duschen, 2 WCs, 2 SAT-FernseherPreise 2025S\u00e4mtliche Preise verstehen sich jeweils pro Familie\/N\u00e4chtigung. Zuz\u00fcglich \u20ac 1,66 Ortstaxe\/Tag f\u00fcr Personen ab 17 Jahren und Endreinigung \u20ac 66,- f\u00fcr die [&hellip;]","og_url":"https:\/\/tscharnighof.at\/en\/smiley\/","og_site_name":"TSCHARNIGHOF - a richtig sch\u00f6n&#039;s Platzl","article_modified_time":"2025-02-14T09:44:18+00:00","og_image":[{"width":1600,"height":900,"url":"https:\/\/tscharnighof.at\/wp-content\/uploads\/2022\/05\/SMI-2.jpg","type":"image\/jpeg"}],"twitter_card":"summary_large_image","twitter_misc":{"Estimated reading time":"3 minutes"},"schema":{"@context":"https:\/\/schema.org","@graph":[{"@type":"WebPage","@id":"https:\/\/tscharnighof.at\/smiley\/","url":"https:\/\/tscharnighof.at\/smiley\/","name":"Smiley - TSCHARNIGHOF - a richtig sch\u00f6n&#039;s Platzl","isPartOf":{"@id":"https:\/\/tscharnighof.at\/#website"},"datePublished":"2022-05-02T15:02:06+00:00","dateModified":"2025-02-14T09:44:18+00:00","breadcrumb":{"@id":"https:\/\/tscharnighof.at\/smiley\/#breadcrumb"},"inLanguage":"en-GB","potentialAction":[{"@type":"ReadAction","target":["https:\/\/tscharnighof.at\/smiley\/"]}]},{"@type":"BreadcrumbList","@id":"https:\/\/tscharnighof.at\/smiley\/#breadcrumb","itemListElement":[{"@type":"ListItem","position":1,"name":"Startseite","item":"https:\/\/tscharnighof.at\/"},{"@type":"ListItem","position":2,"name":"Smiley"}]},{"@type":"WebSite","@id":"https:\/\/tscharnighof.at\/#website","url":"https:\/\/tscharnighof.at\/","name":"TSCHARNIGHOF - a richtig sch\u00f6n&#039;s Platzl","description":"","potentialAction":[{"@type":"SearchAction","target":{"@type":"EntryPoint","urlTemplate":"https:\/\/tscharnighof.at\/?s={search_term_string}"},"query-input":{"@type":"PropertyValueSpecification","valueRequired":true,"valueName":"search_term_string"}}],"inLanguage":"en-GB"}]}},"_links":{"self":[{"href":"https:\/\/tscharnighof.at\/en\/wp-json\/wp\/v2\/pages\/18721","targetHints":{"allow":["GET"]}}],"collection":[{"href":"https:\/\/tscharnighof.at\/en\/wp-json\/wp\/v2\/pages"}],"about":[{"href":"https:\/\/tscharnighof.at\/en\/wp-json\/wp\/v2\/types\/page"}],"author":[{"embeddable":true,"href":"https:\/\/tscharnighof.at\/en\/wp-json\/wp\/v2\/users\/1"}],"replies":[{"embeddable":true,"href":"https:\/\/tscharnighof.at\/en\/wp-json\/wp\/v2\/comments?post=18721"}],"version-history":[{"count":18,"href":"https:\/\/tscharnighof.at\/en\/wp-json\/wp\/v2\/pages\/18721\/revisions"}],"predecessor-version":[{"id":19183,"href":"https:\/\/tscharnighof.at\/en\/wp-json\/wp\/v2\/pages\/18721\/revisions\/19183"}],"wp:attachment":[{"href":"https:\/\/tscharnighof.at\/en\/wp-json\/wp\/v2\/media?parent=18721"}],"curies":[{"name":"wp","href":"https:\/\/api.w.org\/{rel}","templated":true}]}}