{"id":5347,"date":"2022-04-09T16:47:58","date_gmt":"2022-04-09T14:47:58","guid":{"rendered":"http:\/\/www.tscharnighof.at\/?page_id=5347"},"modified":"2025-05-22T10:06:52","modified_gmt":"2025-05-22T08:06:52","slug":"allgemeines","status":"publish","type":"page","link":"https:\/\/tscharnighof.at\/en\/allgemeines\/","title":{"rendered":"General"},"content":{"rendered":"<p>[et_pb_section fb_built=&#8220;1&#8243; _builder_version=&#8220;4.16.1&#8243; _module_preset=&#8220;default&#8220; global_colors_info=&#8220;{}&#8220;][et_pb_row _builder_version=&#8220;4.16.1&#8243; _module_preset=&#8220;default&#8220; global_colors_info=&#8220;{}&#8220;][et_pb_column type=&#8220;4_4&#8243; _builder_version=&#8220;4.16.1&#8243; _module_preset=&#8220;default&#8220; global_colors_info=&#8220;{}&#8220;][et_pb_text _builder_version=&#8220;4.17.3&#8243; _module_preset=&#8220;default&#8220; header_2_font=&#8220;Bad Script|700|||||||&#8220; header_2_text_color=&#8220;#E02B20&#8243; header_2_font_size=&#8220;35px&#8220; header_2_letter_spacing=&#8220;4px&#8220; header_2_line_height=&#8220;1.7em&#8220; header_font_size_tablet=&#8220;&#8220; header_font_size_phone=&#8220;26px&#8220; header_font_size_last_edited=&#8220;on|phone&#8220; header_letter_spacing_tablet=&#8220;&#8220; header_letter_spacing_phone=&#8220;&#8220; header_letter_spacing_last_edited=&#8220;on|phone&#8220; header_2_font_tablet=&#8220;Bad Script|700|||||||&#8220; header_2_font_phone=&#8220;Bad Script|700|||||||&#8220; header_2_font_last_edited=&#8220;on|phone&#8220; header_2_font_size_tablet=&#8220;35px&#8220; header_2_font_size_phone=&#8220;23px&#8220; header_2_font_size_last_edited=&#8220;on|desktop&#8220; global_colors_info=&#8220;{}&#8220;]<\/p>\n<h2 style=\"text-align: center;\">FERIENWOHNUNGEN &amp; ZIMMER<\/h2>\n<p>[\/et_pb_text][et_pb_text _builder_version=&#8220;4.17.3&#8243; _module_preset=&#8220;default&#8220; text_orientation=&#8220;center&#8220; global_colors_info=&#8220;{}&#8220;]<\/p>\n<p style=\"text-align: justify;\">You will definitely feel at home with us.<\/p>\n<p style=\"text-align: left;\">We offer 6 self-catering holiday apartments and 2 rooms for a wide variety of needs.<\/p>\n<p>[\/et_pb_text][\/et_pb_column][\/et_pb_row][et_pb_row column_structure=&#8220;1_2,1_2&#8243; _builder_version=&#8220;4.16.1&#8243; _module_preset=&#8220;default&#8220; global_colors_info=&#8220;{}&#8220;][et_pb_column type=&#8220;1_2&#8243; _builder_version=&#8220;4.16.1&#8243; _module_preset=&#8220;default&#8220; global_colors_info=&#8220;{}&#8220;][et_pb_text _builder_version=&#8220;4.17.3&#8243; _module_preset=&#8220;default&#8220; header_2_font_size=&#8220;24px&#8220; header_2_line_height=&#8220;1.2em&#8220; text_line_height_tablet=&#8220;&#8220; text_line_height_phone=&#8220;1.9em&#8220; text_line_height_last_edited=&#8220;on|phone&#8220; global_colors_info=&#8220;{}&#8220;]<\/p>\n<h2>Equipment of the apartments<\/h2>\n<p>[\/et_pb_text][et_pb_text _builder_version=&#8220;4.17.3&#8243; _module_preset=&#8220;default&#8220; global_colors_info=&#8220;{}&#8220;]<\/p>\n<p style=\"text-align: justify;\">all <strong>kitchens<\/strong> in the apartments are fully equipped with cooking and eating utensils, glasses, fridge with freezer compartment, electric cooker with oven, dishwasher, coffee maker, kettle and microwave.<\/p>\n<p style=\"text-align: justify;\">Bed linen, hand and bath towels and tea towels are provided. TV and WiFi are also available in every apartment.<\/p>\n<p>[\/et_pb_text][\/et_pb_column][et_pb_column type=&#8220;1_2&#8243; _builder_version=&#8220;4.16.1&#8243; _module_preset=&#8220;default&#8220; global_colors_info=&#8220;{}&#8220;][et_pb_text _builder_version=&#8220;4.16.1&#8243; _module_preset=&#8220;default&#8220; global_colors_info=&#8220;{}&#8220;]<\/p>\n<h2>Interior of the rooms<\/h2>\n<p>[\/et_pb_text][et_pb_text _builder_version=&#8220;4.17.3&#8243; _module_preset=&#8220;default&#8220; global_colors_info=&#8220;{}&#8220;]<\/p>\n<p style=\"text-align: justify;\"><strong>The lounge and the guest kitchen (in the apartment building) are also available.<\/strong><br \/>You can have breakfast in the lounge or on the sunny terrace. the <strong>guest kitchen<\/strong> ist kostenlos und jederzeit offen (f\u00fcr 1-3 Familien). Ein <strong>K\u00fchlschrank<\/strong> beherbergt die Eink\u00e4ufe unserer G\u00e4ste. Es gibt einen <strong>TV<\/strong>, free <strong>WLAN<\/strong> and next door is a small one <strong>Playroom<\/strong>.<\/p>\n<p>[\/et_pb_text][\/et_pb_column][\/et_pb_row][et_pb_row column_structure=&#8220;3_4,1_4&#8243; _builder_version=&#8220;4.16.1&#8243; _module_preset=&#8220;default&#8220; global_colors_info=&#8220;{}&#8220;][et_pb_column type=&#8220;3_4&#8243; _builder_version=&#8220;4.16.1&#8243; _module_preset=&#8220;default&#8220; global_colors_info=&#8220;{}&#8220;][et_pb_text _builder_version=&#8220;4.17.3&#8243; _module_preset=&#8220;default&#8220; header_3_font_size=&#8220;24px&#8220; global_colors_info=&#8220;{}&#8220;]<\/p>\n<h3>Local supply options:<\/h3>\n<p>[\/et_pb_text][et_pb_text _builder_version=&#8220;4.17.3&#8243; _module_preset=&#8220;default&#8220; text_line_height=&#8220;1.8em&#8220; custom_padding=&#8220;|135px||||&#8220; custom_padding_tablet=&#8220;|0px|||false|false&#8220; custom_padding_phone=&#8220;|0px|||false|false&#8220; custom_padding_last_edited=&#8220;on|phone&#8220; global_colors_info=&#8220;{}&#8220;]<\/p>\n<p style=\"text-align: justify;\">The <strong>baker<\/strong> honks at about 8 a.m. in the morning. You can get fresh bread and pastries for breakfast, and he also has milk and dairy products and fresh eggs from local farmers, our baker Samy. Delicacies such as cakes and reindlings can also be found on his bakery trolley. You can also buy drinks and various other groceries from him.<\/p>\n<p>[\/et_pb_text][\/et_pb_column][et_pb_column type=&#8220;1_4&#8243; _builder_version=&#8220;4.16.1&#8243; _module_preset=&#8220;default&#8220; global_colors_info=&#8220;{}&#8220;][et_pb_image src=&#8220;https:\/\/tscharnighof.at\/wp-content\/uploads\/2022\/04\/Tscharnighof_Baeckercollage-scaled.jpg&#8220; title_text=&#8220;Tscharnighof_B\u00e4ckercollage&#8220; show_in_lightbox=&#8220;on&#8220; _builder_version=&#8220;4.17.3&#8243; _module_preset=&#8220;default&#8220; custom_margin=&#8220;34px|||-73px|false|false&#8220; custom_margin_tablet=&#8220;|||0px|false|false&#8220; custom_margin_phone=&#8220;|||0px|false|false&#8220; custom_margin_last_edited=&#8220;on|desktop&#8220; custom_padding=&#8220;|||0px||&#8220; global_colors_info=&#8220;{}&#8220;][\/et_pb_image][\/et_pb_column][\/et_pb_row][et_pb_row column_structure=&#8220;3_4,1_4&#8243; _builder_version=&#8220;4.16.1&#8243; _module_preset=&#8220;default&#8220; global_colors_info=&#8220;{}&#8220;][et_pb_column type=&#8220;3_4&#8243; _builder_version=&#8220;4.16.1&#8243; _module_preset=&#8220;default&#8220; global_colors_info=&#8220;{}&#8220;][et_pb_text _builder_version=&#8220;4.17.3&#8243; _module_preset=&#8220;default&#8220; text_line_height=&#8220;1.8em&#8220; custom_padding=&#8220;|135px||||&#8220; custom_padding_tablet=&#8220;|0px|||false|false&#8220; custom_padding_phone=&#8220;||||false|false&#8220; custom_padding_last_edited=&#8220;on|desktop&#8220; global_colors_info=&#8220;{}&#8220;]<\/p>\n<p style=\"text-align: justify;\">For larger purchases, you drive about 10 minutes by car to the nearby district capital V\u00f6lkermarkt.<\/p>\n<p style=\"text-align: justify;\">In addition to the usual supermarkets, which are distributed around the city center, the weekly and fresh produce market takes place every Wednesday and Friday morning on the main square. The \"standler\" are mostly from the area and offer self-produced goods. Fresh fruit, vegetables, bacon, Carinthian salami, honey and much more can be tasted and bought.<\/p>\n<p style=\"text-align: justify;\">At the weekend, some petrol stations have an affiliated shop. In addition, the self-service shop from the J\u00e4ger farm also offers a number of delicacies. In nearby St. Kanzian am Klopeiner See, the supermarkets are also open at weekends from May to the end of September.<br \/><span style=\"text-decoration: underline;\">emergency tip<\/span>: If all else fails, just ask our grandma Kathi if she can help out.<\/p>\n<p>[\/et_pb_text][\/et_pb_column][et_pb_column type=&#8220;1_4&#8243; _builder_version=&#8220;4.16.1&#8243; _module_preset=&#8220;default&#8220; global_colors_info=&#8220;{}&#8220;][et_pb_image src=&#8220;https:\/\/tscharnighof.at\/wp-content\/uploads\/2022\/05\/Markt_Gemuese-VK.jpg&#8220; title_text=&#8220;Stadtgemeinde V\u00f6lkermarkt &#8211; Rathaus Oktober 2020&#8243; show_in_lightbox=&#8220;on&#8220; _builder_version=&#8220;4.17.3&#8243; _module_preset=&#8220;default&#8220; custom_margin=&#8220;|||-73px||&#8220; custom_margin_tablet=&#8220;|||0px|false|false&#8220; custom_margin_phone=&#8220;|||0px|false|false&#8220; custom_margin_last_edited=&#8220;on|desktop&#8220; custom_padding=&#8220;|||0px||&#8220; global_colors_info=&#8220;{}&#8220;][\/et_pb_image][\/et_pb_column][\/et_pb_row][et_pb_row column_structure=&#8220;1_3,1_3,1_3&#8243; _builder_version=&#8220;4.16.1&#8243; _module_preset=&#8220;default&#8220; global_colors_info=&#8220;{}&#8220;][et_pb_column type=&#8220;1_3&#8243; _builder_version=&#8220;4.16.1&#8243; _module_preset=&#8220;default&#8220; global_colors_info=&#8220;{}&#8220;][et_pb_image src=&#8220;https:\/\/tscharnighof.at\/wp-content\/uploads\/2022\/05\/Rose.jpg&#8220; title_text=&#8220;Rose!!&#8220; _builder_version=&#8220;4.17.3&#8243; _module_preset=&#8220;default&#8220; global_colors_info=&#8220;{}&#8220;][\/et_pb_image][\/et_pb_column][et_pb_column type=&#8220;1_3&#8243; _builder_version=&#8220;4.16.1&#8243; _module_preset=&#8220;default&#8220; global_colors_info=&#8220;{}&#8220;][et_pb_image src=&#8220;https:\/\/tscharnighof.at\/wp-content\/uploads\/2022\/05\/SMI-2.jpg&#8220; title_text=&#8220;SMI 2&#8243; _builder_version=&#8220;4.17.3&#8243; _module_preset=&#8220;default&#8220; global_colors_info=&#8220;{}&#8220;][\/et_pb_image][\/et_pb_column][et_pb_column type=&#8220;1_3&#8243; _builder_version=&#8220;4.16.1&#8243; _module_preset=&#8220;default&#8220; global_colors_info=&#8220;{}&#8220;][et_pb_image src=&#8220;https:\/\/tscharnighof.at\/wp-content\/uploads\/2022\/05\/Vegimini-SZ-scaled.jpg&#8220; title_text=&#8220;Vegimini SZ&#8220; _builder_version=&#8220;4.17.3&#8243; _module_preset=&#8220;default&#8220; global_colors_info=&#8220;{}&#8220;][\/et_pb_image][\/et_pb_column][\/et_pb_row][et_pb_row column_structure=&#8220;1_2,1_2&#8243; _builder_version=&#8220;4.16.1&#8243; _module_preset=&#8220;default&#8220; global_colors_info=&#8220;{}&#8220;][et_pb_column type=&#8220;1_2&#8243; _builder_version=&#8220;4.16.1&#8243; _module_preset=&#8220;default&#8220; global_colors_info=&#8220;{}&#8220;][et_pb_button button_url=&#8220;@ET-DC@eyJkeW5hbWljIjp0cnVlLCJjb250ZW50IjoicG9zdF9saW5rX3VybF9wYWdlIiwic2V0dGluZ3MiOnsicG9zdF9pZCI6IjU0NDgifX0=@&#8220; button_text=&#8220;Zu den Ferienwohnungen &#8230;&#8220; _builder_version=&#8220;4.16.1&#8243; _dynamic_attributes=&#8220;button_url&#8220; _module_preset=&#8220;default&#8220; global_colors_info=&#8220;{}&#8220;][\/et_pb_button][\/et_pb_column][et_pb_column type=&#8220;1_2&#8243; _builder_version=&#8220;4.16.1&#8243; _module_preset=&#8220;default&#8220; global_colors_info=&#8220;{}&#8220;][et_pb_button button_url=&#8220;@ET-DC@eyJkeW5hbWljIjp0cnVlLCJjb250ZW50IjoicG9zdF9saW5rX3VybF9wYWdlIiwic2V0dGluZ3MiOnsicG9zdF9pZCI6IjU0NTIifX0=@&#8220; button_text=&#8220;Zu den Zimmern &#8230;&#8220; _builder_version=&#8220;4.16.1&#8243; _dynamic_attributes=&#8220;button_url&#8220; _module_preset=&#8220;default&#8220; global_colors_info=&#8220;{}&#8220;][\/et_pb_button][\/et_pb_column][\/et_pb_row][\/et_pb_section][et_pb_section fb_built=&#8220;1&#8243; _builder_version=&#8220;4.16.1&#8243; _module_preset=&#8220;default&#8220; global_colors_info=&#8220;{}&#8220;][et_pb_row _builder_version=&#8220;4.16.1&#8243; _module_preset=&#8220;default&#8220; custom_margin=&#8220;-60px||||false|false&#8220; global_colors_info=&#8220;{}&#8220;][et_pb_column type=&#8220;4_4&#8243; _builder_version=&#8220;4.16.1&#8243; _module_preset=&#8220;default&#8220; global_colors_info=&#8220;{}&#8220;][et_pb_text content_tablet=&#8220;<\/p>\n<p><strong>On the farm, in the house and in the apartments and rooms, we love it colorful ...<\/strong><\/p>\n<p><strong> <\/strong><\/p>\n<p style=\"%22text-align:\" justify;%22><strong><\/strong>Ob Smileys, lustige Bilder, Stofftiere. &#8230; oder unseren %22Oups%22 (vom Botschafter vom Planet des Herzens gibt&#8217;s Leseexemplare in den Zimmern).<\/p>\n<p style=\"%22text-align:\" justify;%22>We love happy faces on the breakfast cups and funny toilet sayings. We think that just suits our fun farm!<\/p>\n<p>Our guests think so too...<\/p>\n<\/p>\n<p>There are enough books to borrow:<\/p>\n<p style=\"%22text-align:\" justify;%22>&#8211; \u00fcber Entschleunigen &#8211; %22lei los*n%22, weiters %22the secret%22 (das Geheimnis) oder %22Bestellungen beim Universum%22.<\/p>\n<p style=\"%22text-align:\" justify;%22>%22POSITIV DENKEN%22, das ist unser Motto: mehr Lebensfreude<\/p>\n<p style=\"%22text-align:\" justify;%22>Wir haben schon so einigen unserer G\u00e4ste geholfen, positiver zu denken, zufriedener und dankbarer zu werden, sich zu fragen: %22Was ist denn wirklich wichtig im Leben?%22<\/p>\n<\/p>\n<p><strong>Just vacation with friends!<\/strong><\/p>\n<p style=\"%22text-align:\" justify;%22>Are you now interested in our Tscharnighof?<\/p>\n<p>Fancy a holiday in Carinthia?<\/p>\n<p>&#8220; content_phone=&#8220;<\/p>\n<p><strong>On the farm, in the house and in the apartments and rooms, we love it colorful ...<\/strong><\/p>\n<p><strong> <\/strong><\/p>\n<p style=\"%22text-align:\" justify;%22><strong><\/strong>Ob Smileys, lustige Bilder, Stofftiere. &#8230; oder unseren %22Oups%22 (vom Botschafter vom Planet des Herzens gibt&#8217;s Leseexemplare in den Zimmern).<\/p>\n<p style=\"%22text-align:\" justify;%22>We love happy faces on the breakfast cups and funny toilet sayings. We think that just suits our fun farm!<\/p>\n<p>Our guests think so too...<\/p>\n<\/p>\n<p>There are enough books to borrow:<\/p>\n<p style=\"%22text-align:\" justify;%22>&#8211; \u00fcber Entschleunigen &#8211; %22lei los*n%22, weiters %22the secret%22 (das Geheimnis) oder %22Bestellungen beim Universum%22.<\/p>\n<p style=\"%22text-align:\" justify;%22>%22POSITIV DENKEN%22, das ist unser Motto: mehr Lebensfreude<\/p>\n<p style=\"%22text-align:\" justify;%22>Wir haben schon so einigen unserer G\u00e4ste geholfen, positiver zu denken, zufriedener und dankbarer zu werden, sich zu fragen: %22Was ist denn wirklich wichtig im Leben?%22<\/p>\n<\/p>\n<p><strong>Just vacation with friends!<\/strong><\/p>\n<p style=\"%22text-align:\" justify;%22>Are you now interested in our Tscharnighof?<\/p>\n<p>Fancy a holiday in Carinthia?<\/p>\n<p>&#8220; content_last_edited=&#8220;on|desktop&#8220; _builder_version=&#8220;4.17.3&#8243; _module_preset=&#8220;default&#8220; text_font_size=&#8220;17px&#8220; header_3_font_size=&#8220;25px&#8220; global_colors_info=&#8220;{}&#8220;]<\/p>\n<h3><strong>Special features \u2026<\/strong><\/h3>\n<p><strong><\/strong><\/p>\n<p><strong>On the farm, in the house and in the apartments and rooms, we love it colorful ...<\/strong><\/p>\n<p><strong> <\/strong><\/p>\n<p style=\"text-align: justify;\"><strong><\/strong>Whether smileys, funny pictures, stuffed animals. ... or our \"Oups\" (there are reading copies from the ambassador from the planet of the heart in the rooms).<\/p>\n<p style=\"text-align: justify;\">We love happy faces on the breakfast cups and funny toilet sayings. We think that just suits our fun farm!<\/p>\n<p style=\"text-align: justify;\">\n<p style=\"text-align: center;\"><strong>Our guests think so too...<\/strong><\/p>\n<p>\u00a0There are enough books to borrow:<\/p>\n<p style=\"text-align: justify;\">- about decelerating - \"lei los*n\", further \"the secret\" (the secret) or \"orders from the universe\".<\/p>\n<p style=\"text-align: justify;\">\"THINKING POSITIVE\" is our motto: more joie de vivre<\/p>\n<p style=\"text-align: justify;\">We have already helped some of our guests to think more positively, to become happier and more grateful, to ask themselves: \"What is really important in life?\"<\/p>\n<p>&nbsp;<\/p>\n<p><strong>Just vacation with friends!<\/strong><\/p>\n<p style=\"text-align: justify;\">Are you now interested in our Tscharnighof?<\/p>\n<p>Fancy a holiday in Carinthia?<\/p>\n<p>We look forward to hearing from you!<\/p>\n<p>[\/et_pb_text][\/et_pb_column][\/et_pb_row][\/et_pb_section]<\/p>","protected":false},"excerpt":{"rendered":"<p>FERIENWOHNUNGEN &amp; ZIMMERBei uns werdet ihr euch ganz bestimmt wohlf\u00fchlen. Wir bieten 6 Ferienwohnungen und 2 Zimmer f\u00fcr Selbstversorger f\u00fcr unterschiedlichste Anspr\u00fcche.Ausstattung der WohnungenAlle K\u00fcchen in den Ferienwohnungen sind vollst\u00e4ndig mit Koch- und Essgeschirr, Gl\u00e4ser, K\u00fchlschrank mit Gefrierfach, E-Herd mit Backrohr, Sp\u00fclmaschine, Kaffeemaschine, Wasserkocher und Mikrowelle ausgestattet. Bettw\u00e4sche, Hand- und Badet\u00fccher sowie Geschirrt\u00fccher sind vorhanden. [&hellip;]<\/p>","protected":false},"author":1,"featured_media":0,"parent":0,"menu_order":0,"comment_status":"closed","ping_status":"closed","template":"","meta":{"_et_pb_use_builder":"on","_et_pb_old_content":"<!-- wp:divi\/placeholder \/-->","_et_gb_content_width":"","footnotes":""},"class_list":["post-5347","page","type-page","status-publish","hentry"],"yoast_head":"<!-- This site is optimized with the Yoast SEO plugin v24.6 - https:\/\/yoast.com\/wordpress\/plugins\/seo\/ -->\n<title>Allgemeines - TSCHARNIGHOF - a richtig sch\u00f6n&#039;s Platzl<\/title>\n<meta name=\"robots\" content=\"index, follow, max-snippet:-1, max-image-preview:large, max-video-preview:-1\" \/>\n<link rel=\"canonical\" href=\"https:\/\/tscharnighof.at\/en\/allgemeines\/\" \/>\n<meta property=\"og:locale\" content=\"en_GB\" \/>\n<meta property=\"og:type\" content=\"article\" \/>\n<meta property=\"og:title\" content=\"Allgemeines - TSCHARNIGHOF - a richtig sch\u00f6n&#039;s Platzl\" \/>\n<meta property=\"og:description\" content=\"FERIENWOHNUNGEN &amp; ZIMMERBei uns werdet ihr euch ganz bestimmt wohlf\u00fchlen. Wir bieten 6 Ferienwohnungen und 2 Zimmer f\u00fcr Selbstversorger f\u00fcr unterschiedlichste Anspr\u00fcche.Ausstattung der WohnungenAlle K\u00fcchen in den Ferienwohnungen sind vollst\u00e4ndig mit Koch- und Essgeschirr, Gl\u00e4ser, K\u00fchlschrank mit Gefrierfach, E-Herd mit Backrohr, Sp\u00fclmaschine, Kaffeemaschine, Wasserkocher und Mikrowelle ausgestattet. Bettw\u00e4sche, Hand- und Badet\u00fccher sowie Geschirrt\u00fccher sind vorhanden. [&hellip;]\" \/>\n<meta property=\"og:url\" content=\"https:\/\/tscharnighof.at\/en\/allgemeines\/\" \/>\n<meta property=\"og:site_name\" content=\"TSCHARNIGHOF - a richtig sch\u00f6n&#039;s Platzl\" \/>\n<meta property=\"article:modified_time\" content=\"2025-05-22T08:06:52+00:00\" \/>\n<meta property=\"og:image\" content=\"https:\/\/tscharnighof.at\/wp-content\/uploads\/2022\/04\/foto_haus_nebelrand_ns_091123173342.jpg\" \/>\n\t<meta property=\"og:image:width\" content=\"500\" \/>\n\t<meta property=\"og:image:height\" content=\"333\" \/>\n\t<meta property=\"og:image:type\" content=\"image\/jpeg\" \/>\n<meta name=\"twitter:card\" content=\"summary_large_image\" \/>\n<meta name=\"twitter:label1\" content=\"Estimated reading time\" \/>\n\t<meta name=\"twitter:data1\" content=\"4 minutes\" \/>\n<script type=\"application\/ld+json\" class=\"yoast-schema-graph\">{\"@context\":\"https:\/\/schema.org\",\"@graph\":[{\"@type\":\"WebPage\",\"@id\":\"https:\/\/tscharnighof.at\/allgemeines\/\",\"url\":\"https:\/\/tscharnighof.at\/allgemeines\/\",\"name\":\"Allgemeines - TSCHARNIGHOF - a richtig sch\u00f6n&#039;s Platzl\",\"isPartOf\":{\"@id\":\"https:\/\/tscharnighof.at\/#website\"},\"datePublished\":\"2022-04-09T14:47:58+00:00\",\"dateModified\":\"2025-05-22T08:06:52+00:00\",\"breadcrumb\":{\"@id\":\"https:\/\/tscharnighof.at\/allgemeines\/#breadcrumb\"},\"inLanguage\":\"en-GB\",\"potentialAction\":[{\"@type\":\"ReadAction\",\"target\":[\"https:\/\/tscharnighof.at\/allgemeines\/\"]}]},{\"@type\":\"BreadcrumbList\",\"@id\":\"https:\/\/tscharnighof.at\/allgemeines\/#breadcrumb\",\"itemListElement\":[{\"@type\":\"ListItem\",\"position\":1,\"name\":\"Startseite\",\"item\":\"https:\/\/tscharnighof.at\/\"},{\"@type\":\"ListItem\",\"position\":2,\"name\":\"Allgemeines\"}]},{\"@type\":\"WebSite\",\"@id\":\"https:\/\/tscharnighof.at\/#website\",\"url\":\"https:\/\/tscharnighof.at\/\",\"name\":\"TSCHARNIGHOF - a richtig sch\u00f6n&#039;s Platzl\",\"description\":\"\",\"potentialAction\":[{\"@type\":\"SearchAction\",\"target\":{\"@type\":\"EntryPoint\",\"urlTemplate\":\"https:\/\/tscharnighof.at\/?s={search_term_string}\"},\"query-input\":{\"@type\":\"PropertyValueSpecification\",\"valueRequired\":true,\"valueName\":\"search_term_string\"}}],\"inLanguage\":\"en-GB\"}]}<\/script>\n<!-- \/ Yoast SEO plugin. -->","yoast_head_json":{"title":"Allgemeines - TSCHARNIGHOF - a richtig sch\u00f6n&#039;s Platzl","robots":{"index":"index","follow":"follow","max-snippet":"max-snippet:-1","max-image-preview":"max-image-preview:large","max-video-preview":"max-video-preview:-1"},"canonical":"https:\/\/tscharnighof.at\/en\/allgemeines\/","og_locale":"en_GB","og_type":"article","og_title":"Allgemeines - TSCHARNIGHOF - a richtig sch\u00f6n&#039;s Platzl","og_description":"FERIENWOHNUNGEN &amp; ZIMMERBei uns werdet ihr euch ganz bestimmt wohlf\u00fchlen. Wir bieten 6 Ferienwohnungen und 2 Zimmer f\u00fcr Selbstversorger f\u00fcr unterschiedlichste Anspr\u00fcche.Ausstattung der WohnungenAlle K\u00fcchen in den Ferienwohnungen sind vollst\u00e4ndig mit Koch- und Essgeschirr, Gl\u00e4ser, K\u00fchlschrank mit Gefrierfach, E-Herd mit Backrohr, Sp\u00fclmaschine, Kaffeemaschine, Wasserkocher und Mikrowelle ausgestattet. Bettw\u00e4sche, Hand- und Badet\u00fccher sowie Geschirrt\u00fccher sind vorhanden. [&hellip;]","og_url":"https:\/\/tscharnighof.at\/en\/allgemeines\/","og_site_name":"TSCHARNIGHOF - a richtig sch\u00f6n&#039;s Platzl","article_modified_time":"2025-05-22T08:06:52+00:00","og_image":[{"width":500,"height":333,"url":"https:\/\/tscharnighof.at\/wp-content\/uploads\/2022\/04\/foto_haus_nebelrand_ns_091123173342.jpg","type":"image\/jpeg"}],"twitter_card":"summary_large_image","twitter_misc":{"Estimated reading time":"4 minutes"},"schema":{"@context":"https:\/\/schema.org","@graph":[{"@type":"WebPage","@id":"https:\/\/tscharnighof.at\/allgemeines\/","url":"https:\/\/tscharnighof.at\/allgemeines\/","name":"Allgemeines - TSCHARNIGHOF - a richtig sch\u00f6n&#039;s Platzl","isPartOf":{"@id":"https:\/\/tscharnighof.at\/#website"},"datePublished":"2022-04-09T14:47:58+00:00","dateModified":"2025-05-22T08:06:52+00:00","breadcrumb":{"@id":"https:\/\/tscharnighof.at\/allgemeines\/#breadcrumb"},"inLanguage":"en-GB","potentialAction":[{"@type":"ReadAction","target":["https:\/\/tscharnighof.at\/allgemeines\/"]}]},{"@type":"BreadcrumbList","@id":"https:\/\/tscharnighof.at\/allgemeines\/#breadcrumb","itemListElement":[{"@type":"ListItem","position":1,"name":"Startseite","item":"https:\/\/tscharnighof.at\/"},{"@type":"ListItem","position":2,"name":"Allgemeines"}]},{"@type":"WebSite","@id":"https:\/\/tscharnighof.at\/#website","url":"https:\/\/tscharnighof.at\/","name":"TSCHARNIGHOF - a richtig sch\u00f6n&#039;s Platzl","description":"","potentialAction":[{"@type":"SearchAction","target":{"@type":"EntryPoint","urlTemplate":"https:\/\/tscharnighof.at\/?s={search_term_string}"},"query-input":{"@type":"PropertyValueSpecification","valueRequired":true,"valueName":"search_term_string"}}],"inLanguage":"en-GB"}]}},"_links":{"self":[{"href":"https:\/\/tscharnighof.at\/en\/wp-json\/wp\/v2\/pages\/5347","targetHints":{"allow":["GET"]}}],"collection":[{"href":"https:\/\/tscharnighof.at\/en\/wp-json\/wp\/v2\/pages"}],"about":[{"href":"https:\/\/tscharnighof.at\/en\/wp-json\/wp\/v2\/types\/page"}],"author":[{"embeddable":true,"href":"https:\/\/tscharnighof.at\/en\/wp-json\/wp\/v2\/users\/1"}],"replies":[{"embeddable":true,"href":"https:\/\/tscharnighof.at\/en\/wp-json\/wp\/v2\/comments?post=5347"}],"version-history":[{"count":37,"href":"https:\/\/tscharnighof.at\/en\/wp-json\/wp\/v2\/pages\/5347\/revisions"}],"predecessor-version":[{"id":19079,"href":"https:\/\/tscharnighof.at\/en\/wp-json\/wp\/v2\/pages\/5347\/revisions\/19079"}],"wp:attachment":[{"href":"https:\/\/tscharnighof.at\/en\/wp-json\/wp\/v2\/media?parent=5347"}],"curies":[{"name":"wp","href":"https:\/\/api.w.org\/{rel}","templated":true}]}}