{"id":5402,"date":"2022-04-12T16:47:08","date_gmt":"2022-04-12T14:47:08","guid":{"rendered":"http:\/\/www.tscharnighof.at\/?page_id=5402"},"modified":"2023-11-20T10:47:53","modified_gmt":"2023-11-20T09:47:53","slug":"ueber-uns","status":"publish","type":"page","link":"https:\/\/tscharnighof.at\/en\/ueber-uns\/","title":{"rendered":"About us"},"content":{"rendered":"<p>[et_pb_section fb_built=&#8220;1&#8243; _builder_version=&#8220;4.17.3&#8243; _module_preset=&#8220;default&#8220; hover_enabled=&#8220;0&#8243; global_colors_info=&#8220;{}&#8220; sticky_enabled=&#8220;0&#8243;][et_pb_row _builder_version=&#8220;4.16.1&#8243; _module_preset=&#8220;default&#8220; global_colors_info=&#8220;{}&#8220;][et_pb_column type=&#8220;4_4&#8243; _builder_version=&#8220;4.16.1&#8243; _module_preset=&#8220;default&#8220; global_colors_info=&#8220;{}&#8220;][et_pb_text _builder_version=&#8220;4.17.3&#8243; _module_preset=&#8220;default&#8220; header_2_font=&#8220;Bad Script|700||on|||||&#8220; header_2_text_color=&#8220;#E02B20&#8243; header_2_font_size=&#8220;35px&#8220; header_2_letter_spacing=&#8220;2px&#8220; header_2_line_height=&#8220;1.5em&#8220; header_2_font_size_tablet=&#8220;30px&#8220; header_2_font_size_phone=&#8220;25px&#8220; header_2_font_size_last_edited=&#8220;on|phone&#8220; global_colors_info=&#8220;{}&#8220;]<\/p>\n<h2 style=\"text-align: center;\">How it all began at the Tscharnighof...<\/h2>\n<p>&nbsp;<\/p>\n<p>[\/et_pb_text][et_pb_text _builder_version=&#8220;4.17.3&#8243; _module_preset=&#8220;default&#8220; global_colors_info=&#8220;{}&#8220;]<\/p>\n<p>,\u2026 which was bought by my great-grandfather in 1907.<\/p>\n<p>In 1970 my father took over the farm.<\/p>\n<p>With the renovation and expansion of five guest rooms for the \"summer visitors\", room rental began in 1976 as a small additional income.<\/p>\n<p>&nbsp;<\/p>\n<p style=\"text-align: center;\"><strong>Over 50 years of room rental<\/strong> \u2013 we can tell a lot!<\/p>\n<p style=\"text-align: center;\">\n<p style=\"text-align: center;\">I took over the farm from my parents. Much has been rebuilt, modernized and changed over time.<\/p>\n<p>Ver\u00e4ndert hat sich mittlerweile auch meine Lebenssituation: Seit 2018 sitze ich im Rollstuhl. Aus gesundheitlichen Gr\u00fcnden lebte ich die letzten Jahr in V\u00f6lkermarkt.<\/p>\n<p>Seit Ende August 2023 wohne ich wieder &#8222;Daham bei der Mam&#8220;. Barrierefrei wurde alles f\u00fcr mich umgebaut <br \/>und ich f\u00fchle mich soo wohl am <strong>Tscharnighof<\/strong>.\u00a0<\/p>\n<p>Soo liebe G\u00e4ste wohnen bei uns&#8230;<br \/>Ja, es ist ein nettes Miteinander und daf\u00fcr sind wir sehr sehr dankbar.<\/p>\n<p><strong>Liebe Mutti,<\/strong><\/p>\n<p>Ein herzliches Dankesch\u00f6n an dieser Stelle f\u00fcr deinen unerm\u00fcdlichen Einsatz.<br \/><strong>Bitte lieber &#8222;Vater im Himmerl&#8220; schenke uns mit unserer <br \/><\/strong><strong>lustig-lieben Mutti\/Oma\/Urli\/ + Gastgeberin mit Herz noch viel wertvolle gemeinsame Zeit.<\/strong><\/p>\n<p>Unsere r\u00fcstige Oma, Katharina, h\u00e4lt vor Ort am Hof die Stellung und freut sich schon wieder sehr \u00fcber liebe G\u00e4ste!<\/p>\n<p>Mit Hilfe meiner Familie, lieben Freunden und mit meiner positiven Lebenseinstellung m\u00f6chte ich neu durchstarten und unseren <strong>geliebten<\/strong> <strong>Tscharnighof<\/strong> wieder mit lieben Menschen, und fr\u00f6hlichem Kinderlachen, erf\u00fcllen!<\/p>\n<p>[\/et_pb_text][\/et_pb_column][\/et_pb_row][et_pb_row column_structure=&#8220;1_3,1_3,1_3&#8243; _builder_version=&#8220;4.16.1&#8243; _module_preset=&#8220;default&#8220; global_colors_info=&#8220;{}&#8220;][et_pb_column type=&#8220;1_3&#8243; _builder_version=&#8220;4.16.1&#8243; _module_preset=&#8220;default&#8220; global_colors_info=&#8220;{}&#8220;][et_pb_image src=&#8220;https:\/\/tscharnighof.at\/wp-content\/uploads\/2022\/04\/Hof-uralt-scaled.jpg&#8220; title_text=&#8220;Hof uralt&#8220; show_in_lightbox=&#8220;on&#8220; _builder_version=&#8220;4.17.3&#8243; _module_preset=&#8220;default&#8220; height=&#8220;243px&#8220; global_colors_info=&#8220;{}&#8220;][\/et_pb_image][\/et_pb_column][et_pb_column type=&#8220;1_3&#8243; _builder_version=&#8220;4.16.1&#8243; _module_preset=&#8220;default&#8220; global_colors_info=&#8220;{}&#8220;][et_pb_image src=&#8220;https:\/\/tscharnighof.at\/wp-content\/uploads\/2022\/04\/Monika-und-Familie-scaled.jpg&#8220; title_text=&#8220;Monika und Familie&#8220; show_in_lightbox=&#8220;on&#8220; _builder_version=&#8220;4.16.1&#8243; _module_preset=&#8220;default&#8220; global_colors_info=&#8220;{}&#8220;][\/et_pb_image][\/et_pb_column][et_pb_column type=&#8220;1_3&#8243; _builder_version=&#8220;4.16.1&#8243; _module_preset=&#8220;default&#8220; global_colors_info=&#8220;{}&#8220;][et_pb_image src=&#8220;https:\/\/tscharnighof.at\/wp-content\/uploads\/2022\/04\/Kuehe-am-Hof-scaled.jpg&#8220; title_text=&#8220;K\u00fche am Hof&#8220; show_in_lightbox=&#8220;on&#8220; _builder_version=&#8220;4.16.1&#8243; _module_preset=&#8220;default&#8220; global_colors_info=&#8220;{}&#8220;][\/et_pb_image][\/et_pb_column][\/et_pb_row][\/et_pb_section]<\/p>","protected":false},"excerpt":{"rendered":"<p>Wie alles am Tscharnighof begann&#8230; &nbsp;,&#8230; der 1907 von meinem Urgro\u00dfvater gekauft wurde. 1970 \u00fcbernahm mein Vater den Bauernhof. Mit den Renovierungen und Ausbau von f\u00fcnf Fremdenzimmern f\u00fcr die &#8222;Sommerfrischler&#8220; begann 1976 die Zimmervermietung als kleiner Zusatzverdienst. &nbsp; \u00dcber 50 Jahre Zimmervermietung &#8211; wir k\u00f6nnen viel erz\u00e4hlen! Von meinen Eltern habe ich die Landwirtschaft \u00fcbernommen. [&hellip;]<\/p>","protected":false},"author":1,"featured_media":0,"parent":0,"menu_order":0,"comment_status":"closed","ping_status":"closed","template":"","meta":{"_et_pb_use_builder":"on","_et_pb_old_content":"","_et_gb_content_width":"","footnotes":""},"class_list":["post-5402","page","type-page","status-publish","hentry"],"yoast_head":"<!-- This site is optimized with the Yoast SEO plugin v24.6 - https:\/\/yoast.com\/wordpress\/plugins\/seo\/ -->\n<title>\u00dcber uns - TSCHARNIGHOF - a richtig sch\u00f6n&#039;s Platzl<\/title>\n<meta name=\"robots\" content=\"index, follow, max-snippet:-1, max-image-preview:large, max-video-preview:-1\" \/>\n<link rel=\"canonical\" href=\"https:\/\/tscharnighof.at\/en\/ueber-uns\/\" \/>\n<meta property=\"og:locale\" content=\"en_GB\" \/>\n<meta property=\"og:type\" content=\"article\" \/>\n<meta property=\"og:title\" content=\"\u00dcber uns - TSCHARNIGHOF - a richtig sch\u00f6n&#039;s Platzl\" \/>\n<meta property=\"og:description\" content=\"Wie alles am Tscharnighof begann... &nbsp;,... der 1907 von meinem Urgro\u00dfvater gekauft wurde. 1970 \u00fcbernahm mein Vater den Bauernhof. Mit den Renovierungen und Ausbau von f\u00fcnf Fremdenzimmern f\u00fcr die &quot;Sommerfrischler&quot; begann 1976 die Zimmervermietung als kleiner Zusatzverdienst. &nbsp; \u00dcber 50 Jahre Zimmervermietung - wir k\u00f6nnen viel erz\u00e4hlen! Von meinen Eltern habe ich die Landwirtschaft \u00fcbernommen. [&hellip;]\" \/>\n<meta property=\"og:url\" content=\"https:\/\/tscharnighof.at\/en\/ueber-uns\/\" \/>\n<meta property=\"og:site_name\" content=\"TSCHARNIGHOF - a richtig sch\u00f6n&#039;s Platzl\" \/>\n<meta property=\"article:modified_time\" content=\"2023-11-20T09:47:53+00:00\" \/>\n<meta property=\"og:image\" content=\"https:\/\/tscharnighof.at\/wp-content\/uploads\/2022\/04\/foto_a_bisserl_schnee_090109093406-2.jpg\" \/>\n\t<meta property=\"og:image:width\" content=\"500\" \/>\n\t<meta property=\"og:image:height\" content=\"318\" \/>\n\t<meta property=\"og:image:type\" content=\"image\/jpeg\" \/>\n<meta name=\"twitter:card\" content=\"summary_large_image\" \/>\n<meta name=\"twitter:label1\" content=\"Estimated reading time\" \/>\n\t<meta name=\"twitter:data1\" content=\"2 minutes\" \/>\n<script type=\"application\/ld+json\" class=\"yoast-schema-graph\">{\"@context\":\"https:\/\/schema.org\",\"@graph\":[{\"@type\":\"WebPage\",\"@id\":\"https:\/\/tscharnighof.at\/ueber-uns\/\",\"url\":\"https:\/\/tscharnighof.at\/ueber-uns\/\",\"name\":\"\u00dcber uns - TSCHARNIGHOF - a richtig sch\u00f6n&#039;s Platzl\",\"isPartOf\":{\"@id\":\"https:\/\/tscharnighof.at\/#website\"},\"datePublished\":\"2022-04-12T14:47:08+00:00\",\"dateModified\":\"2023-11-20T09:47:53+00:00\",\"breadcrumb\":{\"@id\":\"https:\/\/tscharnighof.at\/ueber-uns\/#breadcrumb\"},\"inLanguage\":\"en-GB\",\"potentialAction\":[{\"@type\":\"ReadAction\",\"target\":[\"https:\/\/tscharnighof.at\/ueber-uns\/\"]}]},{\"@type\":\"BreadcrumbList\",\"@id\":\"https:\/\/tscharnighof.at\/ueber-uns\/#breadcrumb\",\"itemListElement\":[{\"@type\":\"ListItem\",\"position\":1,\"name\":\"Startseite\",\"item\":\"https:\/\/tscharnighof.at\/\"},{\"@type\":\"ListItem\",\"position\":2,\"name\":\"\u00dcber uns\"}]},{\"@type\":\"WebSite\",\"@id\":\"https:\/\/tscharnighof.at\/#website\",\"url\":\"https:\/\/tscharnighof.at\/\",\"name\":\"TSCHARNIGHOF - a richtig sch\u00f6n&#039;s Platzl\",\"description\":\"\",\"potentialAction\":[{\"@type\":\"SearchAction\",\"target\":{\"@type\":\"EntryPoint\",\"urlTemplate\":\"https:\/\/tscharnighof.at\/?s={search_term_string}\"},\"query-input\":{\"@type\":\"PropertyValueSpecification\",\"valueRequired\":true,\"valueName\":\"search_term_string\"}}],\"inLanguage\":\"en-GB\"}]}<\/script>\n<!-- \/ Yoast SEO plugin. -->","yoast_head_json":{"title":"\u00dcber uns - TSCHARNIGHOF - a richtig sch\u00f6n&#039;s Platzl","robots":{"index":"index","follow":"follow","max-snippet":"max-snippet:-1","max-image-preview":"max-image-preview:large","max-video-preview":"max-video-preview:-1"},"canonical":"https:\/\/tscharnighof.at\/en\/ueber-uns\/","og_locale":"en_GB","og_type":"article","og_title":"\u00dcber uns - TSCHARNIGHOF - a richtig sch\u00f6n&#039;s Platzl","og_description":"Wie alles am Tscharnighof begann... &nbsp;,... der 1907 von meinem Urgro\u00dfvater gekauft wurde. 1970 \u00fcbernahm mein Vater den Bauernhof. Mit den Renovierungen und Ausbau von f\u00fcnf Fremdenzimmern f\u00fcr die \"Sommerfrischler\" begann 1976 die Zimmervermietung als kleiner Zusatzverdienst. &nbsp; \u00dcber 50 Jahre Zimmervermietung - wir k\u00f6nnen viel erz\u00e4hlen! Von meinen Eltern habe ich die Landwirtschaft \u00fcbernommen. [&hellip;]","og_url":"https:\/\/tscharnighof.at\/en\/ueber-uns\/","og_site_name":"TSCHARNIGHOF - a richtig sch\u00f6n&#039;s Platzl","article_modified_time":"2023-11-20T09:47:53+00:00","og_image":[{"width":500,"height":318,"url":"https:\/\/tscharnighof.at\/wp-content\/uploads\/2022\/04\/foto_a_bisserl_schnee_090109093406-2.jpg","type":"image\/jpeg"}],"twitter_card":"summary_large_image","twitter_misc":{"Estimated reading time":"2 minutes"},"schema":{"@context":"https:\/\/schema.org","@graph":[{"@type":"WebPage","@id":"https:\/\/tscharnighof.at\/ueber-uns\/","url":"https:\/\/tscharnighof.at\/ueber-uns\/","name":"\u00dcber uns - TSCHARNIGHOF - a richtig sch\u00f6n&#039;s Platzl","isPartOf":{"@id":"https:\/\/tscharnighof.at\/#website"},"datePublished":"2022-04-12T14:47:08+00:00","dateModified":"2023-11-20T09:47:53+00:00","breadcrumb":{"@id":"https:\/\/tscharnighof.at\/ueber-uns\/#breadcrumb"},"inLanguage":"en-GB","potentialAction":[{"@type":"ReadAction","target":["https:\/\/tscharnighof.at\/ueber-uns\/"]}]},{"@type":"BreadcrumbList","@id":"https:\/\/tscharnighof.at\/ueber-uns\/#breadcrumb","itemListElement":[{"@type":"ListItem","position":1,"name":"Startseite","item":"https:\/\/tscharnighof.at\/"},{"@type":"ListItem","position":2,"name":"\u00dcber uns"}]},{"@type":"WebSite","@id":"https:\/\/tscharnighof.at\/#website","url":"https:\/\/tscharnighof.at\/","name":"TSCHARNIGHOF - a richtig sch\u00f6n&#039;s Platzl","description":"","potentialAction":[{"@type":"SearchAction","target":{"@type":"EntryPoint","urlTemplate":"https:\/\/tscharnighof.at\/?s={search_term_string}"},"query-input":{"@type":"PropertyValueSpecification","valueRequired":true,"valueName":"search_term_string"}}],"inLanguage":"en-GB"}]}},"_links":{"self":[{"href":"https:\/\/tscharnighof.at\/en\/wp-json\/wp\/v2\/pages\/5402","targetHints":{"allow":["GET"]}}],"collection":[{"href":"https:\/\/tscharnighof.at\/en\/wp-json\/wp\/v2\/pages"}],"about":[{"href":"https:\/\/tscharnighof.at\/en\/wp-json\/wp\/v2\/types\/page"}],"author":[{"embeddable":true,"href":"https:\/\/tscharnighof.at\/en\/wp-json\/wp\/v2\/users\/1"}],"replies":[{"embeddable":true,"href":"https:\/\/tscharnighof.at\/en\/wp-json\/wp\/v2\/comments?post=5402"}],"version-history":[{"count":15,"href":"https:\/\/tscharnighof.at\/en\/wp-json\/wp\/v2\/pages\/5402\/revisions"}],"predecessor-version":[{"id":19092,"href":"https:\/\/tscharnighof.at\/en\/wp-json\/wp\/v2\/pages\/5402\/revisions\/19092"}],"wp:attachment":[{"href":"https:\/\/tscharnighof.at\/en\/wp-json\/wp\/v2\/media?parent=5402"}],"curies":[{"name":"wp","href":"https:\/\/api.w.org\/{rel}","templated":true}]}}