{"id":5452,"date":"2022-04-19T13:01:37","date_gmt":"2022-04-19T11:01:37","guid":{"rendered":"http:\/\/www.tscharnighof.at\/?page_id=5452"},"modified":"2024-06-26T08:49:22","modified_gmt":"2024-06-26T06:49:22","slug":"zimmer-2","status":"publish","type":"page","link":"https:\/\/tscharnighof.at\/en\/zimmer-2\/","title":{"rendered":"Rooms"},"content":{"rendered":"<p>[et_pb_section fb_built=&#8220;1&#8243; _builder_version=&#8220;4.16.1&#8243; _module_preset=&#8220;default&#8220; global_colors_info=&#8220;{}&#8220;][et_pb_row _builder_version=&#8220;4.16.1&#8243; _module_preset=&#8220;default&#8220; global_colors_info=&#8220;{}&#8220;][et_pb_column type=&#8220;4_4&#8243; _builder_version=&#8220;4.16.1&#8243; _module_preset=&#8220;default&#8220; global_colors_info=&#8220;{}&#8220;][et_pb_text _builder_version=&#8220;4.17.3&#8243; _module_preset=&#8220;default&#8220; header_2_font=&#8220;Bad Script|700||on|||||&#8220; header_2_text_color=&#8220;#E02B20&#8243; header_2_font_size=&#8220;35px&#8220; header_2_letter_spacing=&#8220;2px&#8220; header_2_line_height=&#8220;1.6em&#8220; header_2_font_size_tablet=&#8220;30px&#8220; header_2_font_size_phone=&#8220;25px&#8220; header_2_font_size_last_edited=&#8220;on|phone&#8220; global_colors_info=&#8220;{}&#8220;]<\/p>\n<h2 style=\"text-align: center;\">ROOMS for SELF CATERING<\/h2>\n<p>[\/et_pb_text][\/et_pb_column][\/et_pb_row][et_pb_row column_structure=&#8220;1_3,2_3&#8243; _builder_version=&#8220;4.16.1&#8243; _module_preset=&#8220;default&#8220; global_colors_info=&#8220;{}&#8220;][et_pb_column type=&#8220;1_3&#8243; _builder_version=&#8220;4.16.1&#8243; _module_preset=&#8220;default&#8220; global_colors_info=&#8220;{}&#8220;][et_pb_text _builder_version=&#8220;4.17.3&#8243; _module_preset=&#8220;default&#8220; custom_padding=&#8220;|2px||||&#8220; global_colors_info=&#8220;{}&#8220;]<\/p>\n<p><strong>Lounge and guest kitchen in the apartment building.<\/strong><\/p>\n<p>Gefr\u00fchst\u00fcckt werden kann im Aufenthaltsraum oder auf der sonnigen Terrasse. Die Ben\u00fctzung der <strong>guest kitchen<\/strong> ist im Endreinigunsgpreis von 66.- Euro inbegriffen.<br \/>Two <strong>refrigerators<\/strong> beherbergen die Eink\u00e4ufe unserer G\u00e4ste.<br \/>There are <strong>TV<\/strong>, free <strong>WLAN<\/strong> and next door is a small one <strong>Playroom<\/strong>.<\/p>\n<p>[\/et_pb_text][\/et_pb_column][et_pb_column type=&#8220;2_3&#8243; _builder_version=&#8220;4.16.1&#8243; _module_preset=&#8220;default&#8220; global_colors_info=&#8220;{}&#8220;][et_pb_gallery gallery_ids=&#8220;18734,18735,18736&#8243; posts_number=&#8220;2&#8243; db_image_max_width=&#8220;100%&#8220; dbdb_version=&#8220;3.8.5&#8243; show_title_and_caption=&#8220;off&#8220; show_pagination=&#8220;off&#8220; hover_overlay_color=&#8220;rgba(249,249,249,0.45)&#8220; _builder_version=&#8220;4.17.3&#8243; _module_preset=&#8220;default&#8220; hover_enabled=&#8220;0&#8243; global_colors_info=&#8220;{}&#8220; sticky_enabled=&#8220;0&#8243;][\/et_pb_gallery][\/et_pb_column][\/et_pb_row][et_pb_row column_structure=&#8220;3_4,1_4&#8243; _builder_version=&#8220;4.16.1&#8243; _module_preset=&#8220;default&#8220; global_colors_info=&#8220;{}&#8220;][et_pb_column type=&#8220;3_4&#8243; _builder_version=&#8220;4.16.1&#8243; _module_preset=&#8220;default&#8220; global_colors_info=&#8220;{}&#8220;][et_pb_text _builder_version=&#8220;4.17.3&#8243; _module_preset=&#8220;default&#8220; text_line_height=&#8220;1.8em&#8220; width=&#8220;70.7%&#8220; width_tablet=&#8220;70.7%&#8220; width_phone=&#8220;70.7%&#8220; width_last_edited=&#8220;on|phone&#8220; custom_margin=&#8220;|174px||||&#8220; custom_margin_tablet=&#8220;|0px|||false|false&#8220; custom_margin_phone=&#8220;|0px|||false|false&#8220; custom_margin_last_edited=&#8220;on|desktop&#8220; global_colors_info=&#8220;{}&#8220;]<\/p>\n<p>&nbsp;<\/p>\n<p>The <strong>baker<\/strong> honks in the morning at about 8.00 a.m. There you can get fresh bread and pastries, cakes and sweets for breakfast. Of course, he also has milk and dairy products from local farmers, fresh eggs and drinks with him.<\/p>\n<p>[\/et_pb_text][\/et_pb_column][et_pb_column type=&#8220;1_4&#8243; _builder_version=&#8220;4.16.1&#8243; _module_preset=&#8220;default&#8220; global_colors_info=&#8220;{}&#8220;][et_pb_image src=&#8220;https:\/\/tscharnighof.at\/wp-content\/uploads\/2022\/04\/Tscharnighof_Baeckercollage-scaled.jpg&#8220; title_text=&#8220;Tscharnighof_B\u00e4ckercollage&#8220; show_in_lightbox=&#8220;on&#8220; _builder_version=&#8220;4.17.3&#8243; _module_preset=&#8220;default&#8220; custom_margin=&#8220;|||-83px||&#8220; custom_margin_tablet=&#8220;|||0px|false|false&#8220; custom_margin_phone=&#8220;|||0px|false|false&#8220; custom_margin_last_edited=&#8220;on|desktop&#8220; global_colors_info=&#8220;{}&#8220;][\/et_pb_image][\/et_pb_column][\/et_pb_row][et_pb_row column_structure=&#8220;1_3,1_3,1_3&#8243; _builder_version=&#8220;4.16.1&#8243; _module_preset=&#8220;default&#8220; global_colors_info=&#8220;{}&#8220;][et_pb_column type=&#8220;1_3&#8243; _builder_version=&#8220;4.16.1&#8243; _module_preset=&#8220;default&#8220; global_colors_info=&#8220;{}&#8220;][et_pb_image src=&#8220;https:\/\/tscharnighof.at\/wp-content\/uploads\/2024\/06\/Smiley1.3-scaled.jpeg&#8220; title_text=&#8220;Smiley1.3&#8243; _builder_version=&#8220;4.17.3&#8243; _module_preset=&#8220;default&#8220; hover_enabled=&#8220;0&#8243; global_colors_info=&#8220;{}&#8220; sticky_enabled=&#8220;0&#8243;][\/et_pb_image][et_pb_text _builder_version=&#8220;4.17.3&#8243; _module_preset=&#8220;default&#8220; header_4_text_color=&#8220;#E02B20&#8243; global_colors_info=&#8220;{}&#8220;]<\/p>\n<h4 style=\"text-align: center;\"><strong>Family room \"Smiley\"<\/strong><\/h4>\n<p>[\/et_pb_text][et_pb_text _builder_version=&#8220;4.17.3&#8243; _module_preset=&#8220;default&#8220; custom_margin=&#8220;||||false|false&#8220; global_colors_info=&#8220;{}&#8220;]<\/p>\n<p style=\"text-align: center;\">2 double rooms next to each other<\/p>\n<p>[\/et_pb_text][et_pb_button button_url=&#8220;@ET-DC@eyJkeW5hbWljIjp0cnVlLCJjb250ZW50IjoicG9zdF9saW5rX3VybF9wYWdlIiwic2V0dGluZ3MiOnsicG9zdF9pZCI6IjE4NzIxIn19@&#8220; button_text=&#8220;mehr erfahren &#8230;&#8220; button_alignment=&#8220;center&#8220; _builder_version=&#8220;4.16.1&#8243; _dynamic_attributes=&#8220;button_url&#8220; _module_preset=&#8220;default&#8220; global_colors_info=&#8220;{}&#8220;][\/et_pb_button][\/et_pb_column][et_pb_column type=&#8220;1_3&#8243; _builder_version=&#8220;4.16.1&#8243; _module_preset=&#8220;default&#8220; global_colors_info=&#8220;{}&#8220;][et_pb_image src=&#8220;https:\/\/tscharnighof.at\/wp-content\/uploads\/2022\/05\/Rosend.jpg&#8220; alt=&#8220;Rosenduft&#8220; title_text=&#8220;Rosenduft&#8220; _builder_version=&#8220;4.16.1&#8243; _module_preset=&#8220;default&#8220; global_colors_info=&#8220;{}&#8220;][\/et_pb_image][et_pb_text _builder_version=&#8220;4.17.3&#8243; _module_preset=&#8220;default&#8220; header_4_text_color=&#8220;#E02B20&#8243; global_colors_info=&#8220;{}&#8220;]<\/p>\n<h4 style=\"text-align: center;\"><strong>Room \"Rosenduft\"<\/strong><\/h4>\n<p>[\/et_pb_text][et_pb_text _builder_version=&#8220;4.17.3&#8243; _module_preset=&#8220;default&#8220; custom_margin=&#8220;||||false|false&#8220; global_colors_info=&#8220;{}&#8220;]<\/p>\n<p style=\"text-align: center;\">on the 2nd floor next to the \"Smiley Rooms\". 1 double bed + 1 single bed<\/p>\n<p style=\"text-align: center;\">[\/et_pb_text][et_pb_button button_url=&#8220;@ET-DC@eyJkeW5hbWljIjp0cnVlLCJjb250ZW50IjoicG9zdF9saW5rX3VybF9wYWdlIiwic2V0dGluZ3MiOnsicG9zdF9pZCI6IjE4NzEzIn19@&#8220; button_text=&#8220;mehr erfahren &#8230;&#8220; button_alignment=&#8220;center&#8220; _builder_version=&#8220;4.17.3&#8243; _dynamic_attributes=&#8220;button_url&#8220; _module_preset=&#8220;default&#8220; custom_margin=&#8220;-18px||||false|false&#8220; global_colors_info=&#8220;{}&#8220;][\/et_pb_button][\/et_pb_column][et_pb_column type=&#8220;1_3&#8243; _builder_version=&#8220;4.16.1&#8243; _module_preset=&#8220;default&#8220; global_colors_info=&#8220;{}&#8220;][\/et_pb_column][\/et_pb_row][\/et_pb_section]<\/p>","protected":false},"excerpt":{"rendered":"<p>ZIMMER f\u00fcr SELBSTVERSORGERAufenthaltsraum und G\u00e4stek\u00fcche im Wohnungsgeb\u00e4ude. Gefr\u00fchst\u00fcckt werden kann im Aufenthaltsraum oder auf der sonnigen Terrasse. Die Ben\u00fctzung der G\u00e4stek\u00fcche ist im Endreinigunsgpreis von 66.- Euro inbegriffen.Zwei K\u00fchlschr\u00e4nke beherbergen die Eink\u00e4ufe unserer G\u00e4ste.Es gibt einen Fernseher, gratis WLAN und nebenan befindet sich ein kleines Spielzimmer.&nbsp; Der B\u00e4cker hupt morgens um ca. 8.00 Uhr. Da [&hellip;]<\/p>","protected":false},"author":1,"featured_media":0,"parent":0,"menu_order":0,"comment_status":"closed","ping_status":"closed","template":"","meta":{"_et_pb_use_builder":"on","_et_pb_old_content":"<!-- wp:divi\/placeholder \/-->","_et_gb_content_width":"","footnotes":""},"class_list":["post-5452","page","type-page","status-publish","hentry"],"yoast_head":"<!-- This site is optimized with the Yoast SEO plugin v24.6 - https:\/\/yoast.com\/wordpress\/plugins\/seo\/ -->\n<title>Zimmer - TSCHARNIGHOF - a richtig sch\u00f6n&#039;s Platzl<\/title>\n<meta name=\"robots\" content=\"index, follow, max-snippet:-1, max-image-preview:large, max-video-preview:-1\" \/>\n<link rel=\"canonical\" href=\"https:\/\/tscharnighof.at\/en\/zimmer-2\/\" \/>\n<meta property=\"og:locale\" content=\"en_GB\" \/>\n<meta property=\"og:type\" content=\"article\" \/>\n<meta property=\"og:title\" content=\"Zimmer - TSCHARNIGHOF - a richtig sch\u00f6n&#039;s Platzl\" \/>\n<meta property=\"og:description\" content=\"ZIMMER f\u00fcr SELBSTVERSORGERAufenthaltsraum und G\u00e4stek\u00fcche im Wohnungsgeb\u00e4ude. Gefr\u00fchst\u00fcckt werden kann im Aufenthaltsraum oder auf der sonnigen Terrasse. Die Ben\u00fctzung der G\u00e4stek\u00fcche ist im Endreinigunsgpreis von 66.- Euro inbegriffen.Zwei K\u00fchlschr\u00e4nke beherbergen die Eink\u00e4ufe unserer G\u00e4ste.Es gibt einen Fernseher, gratis WLAN und nebenan befindet sich ein kleines Spielzimmer.&nbsp; Der B\u00e4cker hupt morgens um ca. 8.00 Uhr. Da [&hellip;]\" \/>\n<meta property=\"og:url\" content=\"https:\/\/tscharnighof.at\/en\/zimmer-2\/\" \/>\n<meta property=\"og:site_name\" content=\"TSCHARNIGHOF - a richtig sch\u00f6n&#039;s Platzl\" \/>\n<meta property=\"article:modified_time\" content=\"2024-06-26T06:49:22+00:00\" \/>\n<meta name=\"twitter:card\" content=\"summary_large_image\" \/>\n<meta name=\"twitter:label1\" content=\"Estimated reading time\" \/>\n\t<meta name=\"twitter:data1\" content=\"4 minutes\" \/>\n<script type=\"application\/ld+json\" class=\"yoast-schema-graph\">{\"@context\":\"https:\/\/schema.org\",\"@graph\":[{\"@type\":\"WebPage\",\"@id\":\"https:\/\/tscharnighof.at\/zimmer-2\/\",\"url\":\"https:\/\/tscharnighof.at\/zimmer-2\/\",\"name\":\"Zimmer - TSCHARNIGHOF - a richtig sch\u00f6n&#039;s Platzl\",\"isPartOf\":{\"@id\":\"https:\/\/tscharnighof.at\/#website\"},\"datePublished\":\"2022-04-19T11:01:37+00:00\",\"dateModified\":\"2024-06-26T06:49:22+00:00\",\"breadcrumb\":{\"@id\":\"https:\/\/tscharnighof.at\/zimmer-2\/#breadcrumb\"},\"inLanguage\":\"en-GB\",\"potentialAction\":[{\"@type\":\"ReadAction\",\"target\":[\"https:\/\/tscharnighof.at\/zimmer-2\/\"]}]},{\"@type\":\"BreadcrumbList\",\"@id\":\"https:\/\/tscharnighof.at\/zimmer-2\/#breadcrumb\",\"itemListElement\":[{\"@type\":\"ListItem\",\"position\":1,\"name\":\"Startseite\",\"item\":\"https:\/\/tscharnighof.at\/\"},{\"@type\":\"ListItem\",\"position\":2,\"name\":\"Zimmer\"}]},{\"@type\":\"WebSite\",\"@id\":\"https:\/\/tscharnighof.at\/#website\",\"url\":\"https:\/\/tscharnighof.at\/\",\"name\":\"TSCHARNIGHOF - a richtig sch\u00f6n&#039;s Platzl\",\"description\":\"\",\"potentialAction\":[{\"@type\":\"SearchAction\",\"target\":{\"@type\":\"EntryPoint\",\"urlTemplate\":\"https:\/\/tscharnighof.at\/?s={search_term_string}\"},\"query-input\":{\"@type\":\"PropertyValueSpecification\",\"valueRequired\":true,\"valueName\":\"search_term_string\"}}],\"inLanguage\":\"en-GB\"}]}<\/script>\n<!-- \/ Yoast SEO plugin. -->","yoast_head_json":{"title":"Zimmer - TSCHARNIGHOF - a richtig sch\u00f6n&#039;s Platzl","robots":{"index":"index","follow":"follow","max-snippet":"max-snippet:-1","max-image-preview":"max-image-preview:large","max-video-preview":"max-video-preview:-1"},"canonical":"https:\/\/tscharnighof.at\/en\/zimmer-2\/","og_locale":"en_GB","og_type":"article","og_title":"Zimmer - TSCHARNIGHOF - a richtig sch\u00f6n&#039;s Platzl","og_description":"ZIMMER f\u00fcr SELBSTVERSORGERAufenthaltsraum und G\u00e4stek\u00fcche im Wohnungsgeb\u00e4ude. Gefr\u00fchst\u00fcckt werden kann im Aufenthaltsraum oder auf der sonnigen Terrasse. Die Ben\u00fctzung der G\u00e4stek\u00fcche ist im Endreinigunsgpreis von 66.- Euro inbegriffen.Zwei K\u00fchlschr\u00e4nke beherbergen die Eink\u00e4ufe unserer G\u00e4ste.Es gibt einen Fernseher, gratis WLAN und nebenan befindet sich ein kleines Spielzimmer.&nbsp; Der B\u00e4cker hupt morgens um ca. 8.00 Uhr. Da [&hellip;]","og_url":"https:\/\/tscharnighof.at\/en\/zimmer-2\/","og_site_name":"TSCHARNIGHOF - a richtig sch\u00f6n&#039;s Platzl","article_modified_time":"2024-06-26T06:49:22+00:00","twitter_card":"summary_large_image","twitter_misc":{"Estimated reading time":"4 minutes"},"schema":{"@context":"https:\/\/schema.org","@graph":[{"@type":"WebPage","@id":"https:\/\/tscharnighof.at\/zimmer-2\/","url":"https:\/\/tscharnighof.at\/zimmer-2\/","name":"Zimmer - TSCHARNIGHOF - a richtig sch\u00f6n&#039;s Platzl","isPartOf":{"@id":"https:\/\/tscharnighof.at\/#website"},"datePublished":"2022-04-19T11:01:37+00:00","dateModified":"2024-06-26T06:49:22+00:00","breadcrumb":{"@id":"https:\/\/tscharnighof.at\/zimmer-2\/#breadcrumb"},"inLanguage":"en-GB","potentialAction":[{"@type":"ReadAction","target":["https:\/\/tscharnighof.at\/zimmer-2\/"]}]},{"@type":"BreadcrumbList","@id":"https:\/\/tscharnighof.at\/zimmer-2\/#breadcrumb","itemListElement":[{"@type":"ListItem","position":1,"name":"Startseite","item":"https:\/\/tscharnighof.at\/"},{"@type":"ListItem","position":2,"name":"Zimmer"}]},{"@type":"WebSite","@id":"https:\/\/tscharnighof.at\/#website","url":"https:\/\/tscharnighof.at\/","name":"TSCHARNIGHOF - a richtig sch\u00f6n&#039;s Platzl","description":"","potentialAction":[{"@type":"SearchAction","target":{"@type":"EntryPoint","urlTemplate":"https:\/\/tscharnighof.at\/?s={search_term_string}"},"query-input":{"@type":"PropertyValueSpecification","valueRequired":true,"valueName":"search_term_string"}}],"inLanguage":"en-GB"}]}},"_links":{"self":[{"href":"https:\/\/tscharnighof.at\/en\/wp-json\/wp\/v2\/pages\/5452","targetHints":{"allow":["GET"]}}],"collection":[{"href":"https:\/\/tscharnighof.at\/en\/wp-json\/wp\/v2\/pages"}],"about":[{"href":"https:\/\/tscharnighof.at\/en\/wp-json\/wp\/v2\/types\/page"}],"author":[{"embeddable":true,"href":"https:\/\/tscharnighof.at\/en\/wp-json\/wp\/v2\/users\/1"}],"replies":[{"embeddable":true,"href":"https:\/\/tscharnighof.at\/en\/wp-json\/wp\/v2\/comments?post=5452"}],"version-history":[{"count":16,"href":"https:\/\/tscharnighof.at\/en\/wp-json\/wp\/v2\/pages\/5452\/revisions"}],"predecessor-version":[{"id":19171,"href":"https:\/\/tscharnighof.at\/en\/wp-json\/wp\/v2\/pages\/5452\/revisions\/19171"}],"wp:attachment":[{"href":"https:\/\/tscharnighof.at\/en\/wp-json\/wp\/v2\/media?parent=5452"}],"curies":[{"name":"wp","href":"https:\/\/api.w.org\/{rel}","templated":true}]}}